{"id":888,"date":"2021-09-24T00:07:29","date_gmt":"2021-09-23T23:07:29","guid":{"rendered":"https:\/\/psicologosparatodos.es\/?page_id=888"},"modified":"2021-11-02T17:32:41","modified_gmt":"2021-11-02T17:32:41","slug":"campana","status":"publish","type":"page","link":"https:\/\/psicologosparatodos.es\/index.php\/campana\/","title":{"rendered":"Campa\u00f1a"},"content":{"rendered":"\t\t<div data-elementor-type=\"wp-page\" data-elementor-id=\"888\" class=\"elementor elementor-888\">\n\t\t\t\t\t\t<section class=\"elementor-section elementor-top-section elementor-element elementor-element-4d7d895 elementor-section-boxed elementor-section-height-default elementor-section-height-default\" data-id=\"4d7d895\" data-element_type=\"section\">\n\t\t\t\t\t\t<div class=\"elementor-container elementor-column-gap-default\">\n\t\t\t\t\t<div class=\"elementor-column elementor-col-16 elementor-top-column elementor-element elementor-element-a973bf9\" data-id=\"a973bf9\" data-element_type=\"column\">\n\t\t\t<div class=\"elementor-widget-wrap\">\n\t\t\t\t\t\t\t<\/div>\n\t\t<\/div>\n\t\t\t\t<div class=\"elementor-column elementor-col-66 elementor-top-column elementor-element elementor-element-a53ed50\" data-id=\"a53ed50\" data-element_type=\"column\">\n\t\t\t<div class=\"elementor-widget-wrap elementor-element-populated\">\n\t\t\t\t\t\t<div class=\"elementor-element elementor-element-537a416 elementor-widget elementor-widget-heading\" data-id=\"537a416\" data-element_type=\"widget\" data-widget_type=\"heading.default\">\n\t\t\t\t<div class=\"elementor-widget-container\">\n\t\t\t\t\t<h2 class=\"elementor-heading-title elementor-size-default\"><h2 data-elementor-setting-key=\"title\" data-pen-placeholder=\"Teclea aqu\u00ed...\" style=\"font-style: normal;text-align: center\">CAMPA\u00d1A<\/h2><\/h2>\t\t\t\t<\/div>\n\t\t\t\t<\/div>\n\t\t\t\t<div class=\"elementor-element elementor-element-8114dc3 elementor-widget elementor-widget-text-editor\" data-id=\"8114dc3\" data-element_type=\"widget\" data-widget_type=\"text-editor.default\">\n\t\t\t\t<div class=\"elementor-widget-container\">\n\t\t\t\t\t\t\t\t\t<h3 style=\"text-align: center;\"><span style=\"font-weight: bold; text-align: center;\">\u201cPROGRAMA DE ESCUCHA ACTIVA, ACOMPA\u00d1AMIENTO Y ESTIMULACI\u00d3N COGNITIVA CON PERSONAS DEPENDIENTES, GRUPO DE M\u00c1S EDAD Y <\/span><span style=\"font-weight: bold; text-align: center;\">AFECTADOS PSICOL\u00d3GICAMENTE POR EL COVID 19, <\/span><span style=\"font-weight: bold; text-align: center;\">EN LA ISLA DE LA PALMA\u201d<\/span><\/h3>\t\t\t\t\t\t\t\t<\/div>\n\t\t\t\t<\/div>\n\t\t\t\t\t<\/div>\n\t\t<\/div>\n\t\t\t\t<div class=\"elementor-column elementor-col-16 elementor-top-column elementor-element elementor-element-019cbdf\" data-id=\"019cbdf\" data-element_type=\"column\">\n\t\t\t<div class=\"elementor-widget-wrap\">\n\t\t\t\t\t\t\t<\/div>\n\t\t<\/div>\n\t\t\t\t\t<\/div>\n\t\t<\/section>\n\t\t\t\t<section class=\"elementor-section elementor-top-section elementor-element elementor-element-d34472c elementor-section-boxed elementor-section-height-default elementor-section-height-default\" data-id=\"d34472c\" data-element_type=\"section\">\n\t\t\t\t\t\t<div class=\"elementor-container elementor-column-gap-default\">\n\t\t\t\t\t<div class=\"elementor-column elementor-col-25 elementor-top-column elementor-element elementor-element-fc3bf4d\" data-id=\"fc3bf4d\" data-element_type=\"column\">\n\t\t\t<div class=\"elementor-widget-wrap elementor-element-populated\">\n\t\t\t\t\t\t<div class=\"elementor-element elementor-element-e8cbbcd elementor-widget elementor-widget-image\" data-id=\"e8cbbcd\" data-element_type=\"widget\" data-widget_type=\"image.default\">\n\t\t\t\t<div class=\"elementor-widget-container\">\n\t\t\t\t\t\t\t\t\t\t\t\t\t\t\t<img fetchpriority=\"high\" decoding=\"async\" width=\"300\" height=\"300\" src=\"https:\/\/psicologosparatodos.es\/wp-content\/uploads\/2021\/10\/Conocimiento-300x300.png\" class=\"attachment-medium size-medium wp-image-1031\" alt=\"\" srcset=\"https:\/\/psicologosparatodos.es\/wp-content\/uploads\/2021\/10\/Conocimiento-300x300.png 300w, https:\/\/psicologosparatodos.es\/wp-content\/uploads\/2021\/10\/Conocimiento.png 1024w, https:\/\/psicologosparatodos.es\/wp-content\/uploads\/2021\/10\/Conocimiento-150x150.png 150w, https:\/\/psicologosparatodos.es\/wp-content\/uploads\/2021\/10\/Conocimiento-768x768.png 768w\" sizes=\"(max-width: 300px) 100vw, 300px\" \/>\t\t\t\t\t\t\t\t\t\t\t\t\t\t\t<\/div>\n\t\t\t\t<\/div>\n\t\t\t\t\t<\/div>\n\t\t<\/div>\n\t\t\t\t<div class=\"elementor-column elementor-col-50 elementor-top-column elementor-element elementor-element-340d258\" data-id=\"340d258\" data-element_type=\"column\">\n\t\t\t<div class=\"elementor-widget-wrap elementor-element-populated\">\n\t\t\t\t\t\t<div class=\"elementor-element elementor-element-0ce60eb elementor-widget elementor-widget-heading\" data-id=\"0ce60eb\" data-element_type=\"widget\" data-widget_type=\"heading.default\">\n\t\t\t\t<div class=\"elementor-widget-container\">\n\t\t\t\t\t<h3 class=\"elementor-heading-title elementor-size-large\">Objetivo de la campa\u00f1a<\/h3>\t\t\t\t<\/div>\n\t\t\t\t<\/div>\n\t\t\t\t<div class=\"elementor-element elementor-element-c5ac967 elementor-widget elementor-widget-text-editor\" data-id=\"c5ac967\" data-element_type=\"widget\" data-widget_type=\"text-editor.default\">\n\t\t\t\t<div class=\"elementor-widget-container\">\n\t\t\t\t\t\t\t\t\tEstamos viviendo un episodio de la historia de la humanidad sin precedentes. El autoaislamiento o confinamiento para intentar frenar la propagaci\u00f3n del coronavirus del s\u00edndrome respiratorio agudo severo 2 (SARS-CoV-2) est\u00e1 obligando a millones de personas a encerrarse en sus casas durante semanas y asistir a noticias devastadoras sobre la muerte de miles de personas cada d\u00eda. Los trastornos mentales tras una cuarentena por pandemia es un hecho evidente que afecta a toda la poblaci\u00f3n tal y como atestigua los numerosos estudios que existen al respecto., pero afecta especialmente a personas mayores y a individuos con dolencias psicol\u00f3gicas previas al confinamiento.\t\t\t\t\t\t\t\t<\/div>\n\t\t\t\t<\/div>\n\t\t\t\t\t<\/div>\n\t\t<\/div>\n\t\t\t\t<div class=\"elementor-column elementor-col-25 elementor-top-column elementor-element elementor-element-668a3ae\" data-id=\"668a3ae\" data-element_type=\"column\">\n\t\t\t<div class=\"elementor-widget-wrap elementor-element-populated\">\n\t\t\t\t\t\t<div class=\"elementor-element elementor-element-5e344b0 elementor-widget elementor-widget-image\" data-id=\"5e344b0\" data-element_type=\"widget\" data-widget_type=\"image.default\">\n\t\t\t\t<div class=\"elementor-widget-container\">\n\t\t\t\t\t\t\t\t\t\t\t\t\t\t\t<img decoding=\"async\" width=\"300\" height=\"300\" src=\"https:\/\/psicologosparatodos.es\/wp-content\/uploads\/2021\/10\/Covid19-300x300.png\" class=\"attachment-medium size-medium wp-image-1033\" alt=\"\" srcset=\"https:\/\/psicologosparatodos.es\/wp-content\/uploads\/2021\/10\/Covid19-300x300.png 300w, https:\/\/psicologosparatodos.es\/wp-content\/uploads\/2021\/10\/Covid19.png 1024w, https:\/\/psicologosparatodos.es\/wp-content\/uploads\/2021\/10\/Covid19-150x150.png 150w, https:\/\/psicologosparatodos.es\/wp-content\/uploads\/2021\/10\/Covid19-768x768.png 768w\" sizes=\"(max-width: 300px) 100vw, 300px\" \/>\t\t\t\t\t\t\t\t\t\t\t\t\t\t\t<\/div>\n\t\t\t\t<\/div>\n\t\t\t\t\t<\/div>\n\t\t<\/div>\n\t\t\t\t\t<\/div>\n\t\t<\/section>\n\t\t\t\t<section class=\"elementor-section elementor-top-section elementor-element elementor-element-f18e575 elementor-section-boxed elementor-section-height-default elementor-section-height-default\" data-id=\"f18e575\" data-element_type=\"section\">\n\t\t\t\t\t\t<div class=\"elementor-container elementor-column-gap-default\">\n\t\t\t\t\t<div class=\"elementor-column elementor-col-16 elementor-top-column elementor-element elementor-element-145e71b\" data-id=\"145e71b\" data-element_type=\"column\">\n\t\t\t<div class=\"elementor-widget-wrap\">\n\t\t\t\t\t\t\t<\/div>\n\t\t<\/div>\n\t\t\t\t<div class=\"elementor-column elementor-col-66 elementor-top-column elementor-element elementor-element-e4b8203\" data-id=\"e4b8203\" data-element_type=\"column\">\n\t\t\t<div class=\"elementor-widget-wrap elementor-element-populated\">\n\t\t\t\t\t\t<div class=\"elementor-element elementor-element-5bb198a elementor-widget elementor-widget-text-editor\" data-id=\"5bb198a\" data-element_type=\"widget\" data-widget_type=\"text-editor.default\">\n\t\t\t\t<div class=\"elementor-widget-container\">\n\t\t\t\t\t\t\t\t\t<p>El impacto psicol\u00f3gico de la cuarentena ha incluido una multitud de s\u00edntomas entre las que destacamos la sensaci\u00f3n de aislamiento o soledad, problemas de ansiedad, miedo, ataques de p\u00e1nico, estr\u00e9s, insomnio y depresi\u00f3n. Cuanto m\u00e1s se ha prolongado el aislamiento autoimpuesto m\u00e1s se han agudizado los s\u00edntomas anteriormente rese\u00f1ados y sobre todo en personas que presentas diferentes grados de dependencia psico-f\u00edsico.<\/p>\t\t\t\t\t\t\t\t<\/div>\n\t\t\t\t<\/div>\n\t\t\t\t<section class=\"elementor-section elementor-inner-section elementor-element elementor-element-85ba0e7 elementor-section-boxed elementor-section-height-default elementor-section-height-default\" data-id=\"85ba0e7\" data-element_type=\"section\">\n\t\t\t\t\t\t<div class=\"elementor-container elementor-column-gap-default\">\n\t\t\t\t\t<div class=\"elementor-column elementor-col-50 elementor-inner-column elementor-element elementor-element-412ddfa\" data-id=\"412ddfa\" data-element_type=\"column\">\n\t\t\t<div class=\"elementor-widget-wrap elementor-element-populated\">\n\t\t\t\t\t\t<div class=\"elementor-element elementor-element-d99dc74 elementor-widget elementor-widget-image\" data-id=\"d99dc74\" data-element_type=\"widget\" data-widget_type=\"image.default\">\n\t\t\t\t<div class=\"elementor-widget-container\">\n\t\t\t\t\t\t\t\t\t\t\t\t\t\t\t<img decoding=\"async\" width=\"768\" height=\"768\" src=\"https:\/\/psicologosparatodos.es\/wp-content\/uploads\/2021\/10\/Separacion-768x768.png\" class=\"attachment-medium_large size-medium_large wp-image-1036\" alt=\"\" srcset=\"https:\/\/psicologosparatodos.es\/wp-content\/uploads\/2021\/10\/Separacion-768x768.png 768w, https:\/\/psicologosparatodos.es\/wp-content\/uploads\/2021\/10\/Separacion-300x300.png 300w, https:\/\/psicologosparatodos.es\/wp-content\/uploads\/2021\/10\/Separacion.png 1024w, https:\/\/psicologosparatodos.es\/wp-content\/uploads\/2021\/10\/Separacion-150x150.png 150w\" sizes=\"(max-width: 768px) 100vw, 768px\" \/>\t\t\t\t\t\t\t\t\t\t\t\t\t\t\t<\/div>\n\t\t\t\t<\/div>\n\t\t\t\t\t<\/div>\n\t\t<\/div>\n\t\t\t\t<div class=\"elementor-column elementor-col-50 elementor-inner-column elementor-element elementor-element-d3d1961\" data-id=\"d3d1961\" data-element_type=\"column\">\n\t\t\t<div class=\"elementor-widget-wrap elementor-element-populated\">\n\t\t\t\t\t\t<div class=\"elementor-element elementor-element-1fc3d8c elementor-widget elementor-widget-image\" data-id=\"1fc3d8c\" data-element_type=\"widget\" data-widget_type=\"image.default\">\n\t\t\t\t<div class=\"elementor-widget-container\">\n\t\t\t\t\t\t\t\t\t\t\t\t\t\t\t<img loading=\"lazy\" decoding=\"async\" width=\"1024\" height=\"1024\" src=\"https:\/\/psicologosparatodos.es\/wp-content\/uploads\/2021\/10\/Aislamiento.png\" class=\"attachment-full size-full wp-image-1030\" alt=\"\" srcset=\"https:\/\/psicologosparatodos.es\/wp-content\/uploads\/2021\/10\/Aislamiento.png 1024w, https:\/\/psicologosparatodos.es\/wp-content\/uploads\/2021\/10\/Aislamiento-300x300.png 300w, https:\/\/psicologosparatodos.es\/wp-content\/uploads\/2021\/10\/Aislamiento-150x150.png 150w, https:\/\/psicologosparatodos.es\/wp-content\/uploads\/2021\/10\/Aislamiento-768x768.png 768w\" sizes=\"(max-width: 1024px) 100vw, 1024px\" \/>\t\t\t\t\t\t\t\t\t\t\t\t\t\t\t<\/div>\n\t\t\t\t<\/div>\n\t\t\t\t\t<\/div>\n\t\t<\/div>\n\t\t\t\t\t<\/div>\n\t\t<\/section>\n\t\t\t\t<div class=\"elementor-element elementor-element-d0fadac elementor-widget elementor-widget-text-editor\" data-id=\"d0fadac\" data-element_type=\"widget\" data-widget_type=\"text-editor.default\">\n\t\t\t\t<div class=\"elementor-widget-container\">\n\t\t\t\t\t\t\t\t\t<p>Durante el pasado confinamiento, nuestra asociaci\u00f3n se vio desbordada de&nbsp;<span style=\"font-style: inherit; font-weight: inherit;\">trabajo a nivel interno debido a la cantidad de personas que nos llamaron para&nbsp;<\/span><span style=\"font-style: inherit; font-weight: inherit;\">pedirnos ayuda psicol\u00f3gica a trav\u00e9s del tel\u00e9fono, entre ellos destacamos socios&nbsp;<\/span><span style=\"font-style: inherit; font-weight: inherit;\">y personas de la calle que requirieron de nuestros servicios de atenci\u00f3n&nbsp;<\/span><span style=\"font-style: inherit; font-weight: inherit;\">psicol\u00f3gica. Entre los cuadros o problemas psicol\u00f3gicos que tuvimos que&nbsp;<\/span><span style=\"font-style: inherit; font-weight: inherit;\">atender telef\u00f3nicamente durante el confinamiento, detallamos los diferentes&nbsp;<\/span><span style=\"font-style: inherit; font-weight: inherit;\">casos consultados o intervenidos:<\/span><\/p>\t\t\t\t\t\t\t\t<\/div>\n\t\t\t\t<\/div>\n\t\t\t\t<div class=\"elementor-element elementor-element-c1d05b4 elementor-widget elementor-widget-text-editor\" data-id=\"c1d05b4\" data-element_type=\"widget\" data-widget_type=\"text-editor.default\">\n\t\t\t\t<div class=\"elementor-widget-container\">\n\t\t\t\t\t\t\t\t\t<ul><li>Problemas de parejas o de convivencia.<\/li><li><span style=\"font-style: inherit; font-weight: inherit;\">Ataques de p\u00e1nicos.\u00a0<\/span><\/li><li><span style=\"font-style: inherit; font-weight: inherit;\">Ansiedad y miedos.\u00a0<\/span><\/li><li><span style=\"font-style: inherit; font-weight: inherit;\">Trastornos de estr\u00e9s postraum\u00e1tico.\u00a0<\/span><\/li><li><span style=\"font-style: inherit; font-weight: inherit;\">Cuadros de soledad patol\u00f3gica.\u00a0<\/span><\/li><li><span style=\"font-style: inherit; font-weight: inherit;\">Hipocondr\u00edas<\/span><\/li><li><span style=\"font-style: inherit; font-weight: inherit;\">Fobias<\/span><\/li><li><span style=\"font-style: inherit; font-weight: inherit;\">Tristeza o depresi\u00f3n<\/span><\/li><li><span style=\"font-style: inherit; font-weight: inherit;\">Etc.<\/span><\/li><\/ul>\t\t\t\t\t\t\t\t<\/div>\n\t\t\t\t<\/div>\n\t\t\t\t\t<\/div>\n\t\t<\/div>\n\t\t\t\t<div class=\"elementor-column elementor-col-16 elementor-top-column elementor-element elementor-element-5f13ba9\" data-id=\"5f13ba9\" data-element_type=\"column\">\n\t\t\t<div class=\"elementor-widget-wrap\">\n\t\t\t\t\t\t\t<\/div>\n\t\t<\/div>\n\t\t\t\t\t<\/div>\n\t\t<\/section>\n\t\t\t\t<section class=\"elementor-section elementor-top-section elementor-element elementor-element-c5f9772 elementor-section-boxed elementor-section-height-default elementor-section-height-default\" data-id=\"c5f9772\" data-element_type=\"section\">\n\t\t\t\t\t\t<div class=\"elementor-container elementor-column-gap-default\">\n\t\t\t\t\t<div class=\"elementor-column elementor-col-16 elementor-top-column elementor-element elementor-element-939b2d0\" data-id=\"939b2d0\" data-element_type=\"column\">\n\t\t\t<div class=\"elementor-widget-wrap\">\n\t\t\t\t\t\t\t<\/div>\n\t\t<\/div>\n\t\t\t\t<div class=\"elementor-column elementor-col-66 elementor-top-column elementor-element elementor-element-70eea33\" data-id=\"70eea33\" data-element_type=\"column\">\n\t\t\t<div class=\"elementor-widget-wrap elementor-element-populated\">\n\t\t\t\t\t\t<div class=\"elementor-element elementor-element-fc0382d elementor-widget elementor-widget-text-editor\" data-id=\"fc0382d\" data-element_type=\"widget\" data-widget_type=\"text-editor.default\">\n\t\t\t\t<div class=\"elementor-widget-container\">\n\t\t\t\t\t\t\t\t\t<p>Los problemas de salud f\u00edsica, el aislamiento, la falta de contacto social, la\u00a0<span style=\"font-style: inherit; font-weight: inherit;\">dificultad en la conciliaci\u00f3n con la vida personal, los cambios de h\u00e1bitos, los\u00a0<\/span><span style=\"font-style: inherit; font-weight: inherit;\">problemas laborales que estamos observando en nuestro trabajo diario en la a<\/span><span style=\"font-style: inherit; font-weight: inherit;\">sociaci\u00f3n empiezan a \u201cpasar factura\u201d a la salud mental de la poblaci\u00f3n de la\u00a0<\/span><span style=\"font-style: inherit; font-weight: inherit;\">Isla de La Palma.\u00a0<\/span><span style=\"font-style: inherit; font-weight: inherit;\">A esta situaci\u00f3n cr\u00edtica de aumento de la demanda en la\u00a0<\/span><span style=\"font-style: inherit; font-weight: inherit;\">atenci\u00f3n a la salud mental que algunos ya denominan `la quinta ola\u00b4.<\/span><\/p>\t\t\t\t\t\t\t\t<\/div>\n\t\t\t\t<\/div>\n\t\t\t\t<section class=\"elementor-section elementor-inner-section elementor-element elementor-element-a325540 elementor-section-boxed elementor-section-height-default elementor-section-height-default\" data-id=\"a325540\" data-element_type=\"section\">\n\t\t\t\t\t\t<div class=\"elementor-container elementor-column-gap-default\">\n\t\t\t\t\t<div class=\"elementor-column elementor-col-50 elementor-inner-column elementor-element elementor-element-7447399\" data-id=\"7447399\" data-element_type=\"column\">\n\t\t\t<div class=\"elementor-widget-wrap elementor-element-populated\">\n\t\t\t\t\t\t<div class=\"elementor-element elementor-element-0729a85 elementor-widget elementor-widget-image\" data-id=\"0729a85\" data-element_type=\"widget\" data-widget_type=\"image.default\">\n\t\t\t\t<div class=\"elementor-widget-container\">\n\t\t\t\t\t\t\t\t\t\t\t\t\t\t\t<img loading=\"lazy\" decoding=\"async\" width=\"1024\" height=\"1024\" src=\"https:\/\/psicologosparatodos.es\/wp-content\/uploads\/2021\/10\/Conseguido.png\" class=\"attachment-full size-full wp-image-1037\" alt=\"\" srcset=\"https:\/\/psicologosparatodos.es\/wp-content\/uploads\/2021\/10\/Conseguido.png 1024w, https:\/\/psicologosparatodos.es\/wp-content\/uploads\/2021\/10\/Conseguido-300x300.png 300w, https:\/\/psicologosparatodos.es\/wp-content\/uploads\/2021\/10\/Conseguido-150x150.png 150w, https:\/\/psicologosparatodos.es\/wp-content\/uploads\/2021\/10\/Conseguido-768x768.png 768w\" sizes=\"(max-width: 1024px) 100vw, 1024px\" \/>\t\t\t\t\t\t\t\t\t\t\t\t\t\t\t<\/div>\n\t\t\t\t<\/div>\n\t\t\t\t\t<\/div>\n\t\t<\/div>\n\t\t\t\t<div class=\"elementor-column elementor-col-50 elementor-inner-column elementor-element elementor-element-41af7a7\" data-id=\"41af7a7\" data-element_type=\"column\">\n\t\t\t<div class=\"elementor-widget-wrap elementor-element-populated\">\n\t\t\t\t\t\t<div class=\"elementor-element elementor-element-a336584 elementor-widget elementor-widget-image\" data-id=\"a336584\" data-element_type=\"widget\" data-widget_type=\"image.default\">\n\t\t\t\t<div class=\"elementor-widget-container\">\n\t\t\t\t\t\t\t\t\t\t\t\t\t\t\t<img loading=\"lazy\" decoding=\"async\" width=\"1024\" height=\"1024\" src=\"https:\/\/psicologosparatodos.es\/wp-content\/uploads\/2021\/10\/Corazon.png\" class=\"attachment-full size-full wp-image-1032\" alt=\"\" srcset=\"https:\/\/psicologosparatodos.es\/wp-content\/uploads\/2021\/10\/Corazon.png 1024w, https:\/\/psicologosparatodos.es\/wp-content\/uploads\/2021\/10\/Corazon-300x300.png 300w, https:\/\/psicologosparatodos.es\/wp-content\/uploads\/2021\/10\/Corazon-150x150.png 150w, https:\/\/psicologosparatodos.es\/wp-content\/uploads\/2021\/10\/Corazon-768x768.png 768w\" sizes=\"(max-width: 1024px) 100vw, 1024px\" \/>\t\t\t\t\t\t\t\t\t\t\t\t\t\t\t<\/div>\n\t\t\t\t<\/div>\n\t\t\t\t\t<\/div>\n\t\t<\/div>\n\t\t\t\t\t<\/div>\n\t\t<\/section>\n\t\t\t\t<div class=\"elementor-element elementor-element-e1bfafe elementor-widget elementor-widget-text-editor\" data-id=\"e1bfafe\" data-element_type=\"widget\" data-widget_type=\"text-editor.default\">\n\t\t\t\t<div class=\"elementor-widget-container\">\n\t\t\t\t\t\t\t\t\t<p>Por tanto este proyecto busca, ayudar a esas personas de la isla de La Palma&nbsp;que est\u00e1n sufriendo las consecuencias psicol\u00f3gicas de la pandemia en el&nbsp;\u00e1mbito personal, familiar y social, especialmente aquellas personas que han&nbsp;tenido problemas mentales previos y personas de edad avanzada.<\/p>\t\t\t\t\t\t\t\t<\/div>\n\t\t\t\t<\/div>\n\t\t\t\t\t<\/div>\n\t\t<\/div>\n\t\t\t\t<div class=\"elementor-column elementor-col-16 elementor-top-column elementor-element elementor-element-bcc0999\" data-id=\"bcc0999\" data-element_type=\"column\">\n\t\t\t<div class=\"elementor-widget-wrap\">\n\t\t\t\t\t\t\t<\/div>\n\t\t<\/div>\n\t\t\t\t\t<\/div>\n\t\t<\/section>\n\t\t\t\t<section class=\"elementor-section elementor-top-section elementor-element elementor-element-5561d25 elementor-section-boxed elementor-section-height-default elementor-section-height-default\" data-id=\"5561d25\" data-element_type=\"section\">\n\t\t\t\t\t\t<div class=\"elementor-container elementor-column-gap-default\">\n\t\t\t\t\t<div class=\"elementor-column elementor-col-25 elementor-top-column elementor-element elementor-element-aae28c9\" data-id=\"aae28c9\" data-element_type=\"column\">\n\t\t\t<div class=\"elementor-widget-wrap\">\n\t\t\t\t\t\t\t<\/div>\n\t\t<\/div>\n\t\t\t\t<div class=\"elementor-column elementor-col-50 elementor-top-column elementor-element elementor-element-e2a153a\" data-id=\"e2a153a\" data-element_type=\"column\">\n\t\t\t<div class=\"elementor-widget-wrap elementor-element-populated\">\n\t\t\t\t\t\t<div class=\"elementor-element elementor-element-31a40e9 elementor-widget elementor-widget-heading\" data-id=\"31a40e9\" data-element_type=\"widget\" data-widget_type=\"heading.default\">\n\t\t\t\t<div class=\"elementor-widget-container\">\n\t\t\t\t\t<h3 class=\"elementor-heading-title elementor-size-large\">NUESTRA MISI\u00d3N<\/h3>\t\t\t\t<\/div>\n\t\t\t\t<\/div>\n\t\t\t\t<div class=\"elementor-element elementor-element-70847d4 elementor-widget elementor-widget-text-editor\" data-id=\"70847d4\" data-element_type=\"widget\" data-widget_type=\"text-editor.default\">\n\t\t\t\t<div class=\"elementor-widget-container\">\n\t\t\t\t\t\t\t\t\t<p>Es prestar asistencia psicol\u00f3gica gratuita a personas que carecen de recursos\u00a0<span style=\"font-style: inherit; font-weight: inherit;\">para costearse un tratamiento psicol\u00f3gico a personas afectadas o no por la\u00a0<\/span><span style=\"font-style: inherit; font-weight: inherit;\">actual pandemia denominada Covid-19.<\/span><\/p>\t\t\t\t\t\t\t\t<\/div>\n\t\t\t\t<\/div>\n\t\t\t\t<div class=\"elementor-element elementor-element-7a10193 elementor-widget elementor-widget-text-editor\" data-id=\"7a10193\" data-element_type=\"widget\" data-widget_type=\"text-editor.default\">\n\t\t\t\t<div class=\"elementor-widget-container\">\n\t\t\t\t\t\t\t\t\t<p>\u00bfC\u00f3mo solicitar la ayuda psicol\u00f3gica gratuita? Toda la informaci\u00f3n en nuestro apartado de contacto.<\/p>\t\t\t\t\t\t\t\t<\/div>\n\t\t\t\t<\/div>\n\t\t\t\t<div class=\"elementor-element elementor-element-dfb5ab2 elementor-button-info elementor-align-center elementor-widget elementor-widget-button\" data-id=\"dfb5ab2\" data-element_type=\"widget\" data-widget_type=\"button.default\">\n\t\t\t\t<div class=\"elementor-widget-container\">\n\t\t\t\t\t\t\t\t\t<div class=\"elementor-button-wrapper\">\n\t\t\t\t\t<a class=\"elementor-button elementor-button-link elementor-size-md elementor-animation-grow\" href=\"https:\/\/psicologosparatodos.es\/index.php\/contacto\/\">\n\t\t\t\t\t\t<span class=\"elementor-button-content-wrapper\">\n\t\t\t\t\t\t\t\t\t<span class=\"elementor-button-text\">\u00a1CONT\u00c1CTANOS!<\/span>\n\t\t\t\t\t<\/span>\n\t\t\t\t\t<\/a>\n\t\t\t\t<\/div>\n\t\t\t\t\t\t\t\t<\/div>\n\t\t\t\t<\/div>\n\t\t\t\t\t<\/div>\n\t\t<\/div>\n\t\t\t\t<div class=\"elementor-column elementor-col-25 elementor-top-column elementor-element elementor-element-2cb8b8d\" data-id=\"2cb8b8d\" data-element_type=\"column\">\n\t\t\t<div class=\"elementor-widget-wrap\">\n\t\t\t\t\t\t\t<\/div>\n\t\t<\/div>\n\t\t\t\t\t<\/div>\n\t\t<\/section>\n\t\t\t\t<section class=\"elementor-section elementor-top-section elementor-element elementor-element-416ca3f elementor-section-boxed elementor-section-height-default elementor-section-height-default\" data-id=\"416ca3f\" data-element_type=\"section\">\n\t\t\t\t\t\t<div class=\"elementor-container elementor-column-gap-default\">\n\t\t\t\t\t<div class=\"elementor-column elementor-col-100 elementor-top-column elementor-element elementor-element-50f9083\" data-id=\"50f9083\" data-element_type=\"column\">\n\t\t\t<div class=\"elementor-widget-wrap elementor-element-populated\">\n\t\t\t\t\t\t<div class=\"elementor-element elementor-element-e1fa5a2 elementor-widget elementor-widget-spacer\" data-id=\"e1fa5a2\" data-element_type=\"widget\" data-widget_type=\"spacer.default\">\n\t\t\t\t<div class=\"elementor-widget-container\">\n\t\t\t\t\t\t\t<div class=\"elementor-spacer\">\n\t\t\t<div class=\"elementor-spacer-inner\"><\/div>\n\t\t<\/div>\n\t\t\t\t\t\t<\/div>\n\t\t\t\t<\/div>\n\t\t\t\t\t<\/div>\n\t\t<\/div>\n\t\t\t\t\t<\/div>\n\t\t<\/section>\n\t\t\t\t<\/div>\n\t\t","protected":false},"excerpt":{"rendered":"<p>CAMPA\u00d1A \u201cPROGRAMA DE ESCUCHA ACTIVA, ACOMPA\u00d1AMIENTO Y ESTIMULACI\u00d3N COGNITIVA CON PERSONAS DEPENDIENTES, GRUPO DE M\u00c1S EDAD Y AFECTADOS PSICOL\u00d3GICAMENTE POR EL COVID 19, EN LA ISLA DE LA PALMA\u201d Objetivo de la campa\u00f1a Estamos viviendo un episodio de la historia de la humanidad sin precedentes. El autoaislamiento o confinamiento para intentar frenar la propagaci\u00f3n del &hellip;<\/p>\n<p class=\"read-more\"> <a class=\"\" href=\"https:\/\/psicologosparatodos.es\/index.php\/campana\/\"> <span class=\"screen-reader-text\">Campa\u00f1a<\/span> Leer m\u00e1s &raquo;<\/a><\/p>\n","protected":false},"author":1,"featured_media":0,"parent":0,"menu_order":0,"comment_status":"closed","ping_status":"closed","template":"","meta":{"footnotes":""},"class_list":["post-888","page","type-page","status-publish","hentry"],"_links":{"self":[{"href":"https:\/\/psicologosparatodos.es\/index.php\/wp-json\/wp\/v2\/pages\/888","targetHints":{"allow":["GET"]}}],"collection":[{"href":"https:\/\/psicologosparatodos.es\/index.php\/wp-json\/wp\/v2\/pages"}],"about":[{"href":"https:\/\/psicologosparatodos.es\/index.php\/wp-json\/wp\/v2\/types\/page"}],"author":[{"embeddable":true,"href":"https:\/\/psicologosparatodos.es\/index.php\/wp-json\/wp\/v2\/users\/1"}],"replies":[{"embeddable":true,"href":"https:\/\/psicologosparatodos.es\/index.php\/wp-json\/wp\/v2\/comments?post=888"}],"version-history":[{"count":20,"href":"https:\/\/psicologosparatodos.es\/index.php\/wp-json\/wp\/v2\/pages\/888\/revisions"}],"predecessor-version":[{"id":1409,"href":"https:\/\/psicologosparatodos.es\/index.php\/wp-json\/wp\/v2\/pages\/888\/revisions\/1409"}],"wp:attachment":[{"href":"https:\/\/psicologosparatodos.es\/index.php\/wp-json\/wp\/v2\/media?parent=888"}],"curies":[{"name":"wp","href":"https:\/\/api.w.org\/{rel}","templated":true}]}}