{"id":867,"date":"2021-09-03T11:49:01","date_gmt":"2021-09-03T10:49:01","guid":{"rendered":"https:\/\/psicologosparatodos.es\/?page_id=867"},"modified":"2021-11-02T17:19:21","modified_gmt":"2021-11-02T17:19:21","slug":"contacto","status":"publish","type":"page","link":"https:\/\/psicologosparatodos.es\/index.php\/contacto\/","title":{"rendered":"Contacto"},"content":{"rendered":"\t\t<div data-elementor-type=\"wp-page\" data-elementor-id=\"867\" class=\"elementor elementor-867\">\n\t\t\t\t\t\t<section class=\"elementor-section elementor-top-section elementor-element elementor-element-56177e0 elementor-section-boxed elementor-section-height-default elementor-section-height-default\" data-id=\"56177e0\" data-element_type=\"section\">\n\t\t\t\t\t\t<div class=\"elementor-container elementor-column-gap-default\">\n\t\t\t\t\t<div class=\"elementor-column elementor-col-100 elementor-top-column elementor-element elementor-element-b4942e2\" data-id=\"b4942e2\" data-element_type=\"column\">\n\t\t\t<div class=\"elementor-widget-wrap elementor-element-populated\">\n\t\t\t\t\t\t<div class=\"elementor-element elementor-element-140f909 elementor-widget elementor-widget-heading\" data-id=\"140f909\" data-element_type=\"widget\" data-widget_type=\"heading.default\">\n\t\t\t\t<div class=\"elementor-widget-container\">\n\t\t\t\t\t<h2 class=\"elementor-heading-title elementor-size-default\">CONTACTO<\/h2>\t\t\t\t<\/div>\n\t\t\t\t<\/div>\n\t\t\t\t\t<\/div>\n\t\t<\/div>\n\t\t\t\t\t<\/div>\n\t\t<\/section>\n\t\t\t\t<section class=\"elementor-section elementor-top-section elementor-element elementor-element-1d6ce6e elementor-section-boxed elementor-section-height-default elementor-section-height-default\" data-id=\"1d6ce6e\" data-element_type=\"section\">\n\t\t\t\t\t\t<div class=\"elementor-container elementor-column-gap-default\">\n\t\t\t\t\t<div class=\"elementor-column elementor-col-100 elementor-top-column elementor-element elementor-element-56081ad\" data-id=\"56081ad\" data-element_type=\"column\">\n\t\t\t<div class=\"elementor-widget-wrap elementor-element-populated\">\n\t\t\t\t\t\t<div class=\"elementor-element elementor-element-bc8e004 elementor-widget elementor-widget-heading\" data-id=\"bc8e004\" data-element_type=\"widget\" data-widget_type=\"heading.default\">\n\t\t\t\t<div class=\"elementor-widget-container\">\n\t\t\t\t\t<h3 class=\"elementor-heading-title elementor-size-default\">-------------------------------------------------------------------<\/h3>\t\t\t\t<\/div>\n\t\t\t\t<\/div>\n\t\t\t\t<div class=\"elementor-element elementor-element-900c1cf elementor-widget elementor-widget-text-editor\" data-id=\"900c1cf\" data-element_type=\"widget\" data-widget_type=\"text-editor.default\">\n\t\t\t\t<div class=\"elementor-widget-container\">\n\t\t\t\t\t\t\t\t\t<p style=\"text-align: center;\"><strong><span style=\"font-size: 12pt; font-family: Arial; color: #000000; background-color: transparent; font-variant-numeric: normal; font-variant-east-asian: normal; vertical-align: baseline; white-space: pre-wrap;\">S\u00ed<\/span><\/strong><span style=\"font-size: 12pt; font-family: Arial; color: #000000; background-color: transparent; font-variant-numeric: normal; font-variant-east-asian: normal; vertical-align: baseline; white-space: pre-wrap;\"><strong> desea contactar con nosotros puede hacerlo mediante el siguiente cuestionario\/WhatsApp:<\/strong> <\/span><\/p><p><a href=\"https:\/\/api.whatsapp.com\/send?phone=34666857759&amp;text=Quiero%20m%C3%A1s%20informaci%C3%B3n%20de%20sus%20servicios%20...\"><img decoding=\"async\" class=\"aligncenter wp-image-1284 size-medium\" src=\"https:\/\/psicologosparatodos.es\/wp-content\/uploads\/2021\/11\/whatsapp-button-300x80.png\" alt=\"\" width=\"300\" height=\"80\" srcset=\"https:\/\/psicologosparatodos.es\/wp-content\/uploads\/2021\/11\/whatsapp-button-300x80.png 300w, https:\/\/psicologosparatodos.es\/wp-content\/uploads\/2021\/11\/whatsapp-button-1024x272.png 1024w, https:\/\/psicologosparatodos.es\/wp-content\/uploads\/2021\/11\/whatsapp-button-768x204.png 768w, https:\/\/psicologosparatodos.es\/wp-content\/uploads\/2021\/11\/whatsapp-button-1536x408.png 1536w, https:\/\/psicologosparatodos.es\/wp-content\/uploads\/2021\/11\/whatsapp-button-2048x544.png 2048w\" sizes=\"(max-width: 300px) 100vw, 300px\" \/><\/a><\/p>\t\t\t\t\t\t\t\t<\/div>\n\t\t\t\t<\/div>\n\t\t\t\t\t<\/div>\n\t\t<\/div>\n\t\t\t\t\t<\/div>\n\t\t<\/section>\n\t\t\t\t<section class=\"elementor-section elementor-top-section elementor-element elementor-element-35fb35e elementor-section-boxed elementor-section-height-default elementor-section-height-default\" data-id=\"35fb35e\" data-element_type=\"section\">\n\t\t\t\t\t\t<div class=\"elementor-container elementor-column-gap-default\">\n\t\t\t\t\t<div class=\"elementor-column elementor-col-100 elementor-top-column elementor-element elementor-element-f8d6fcc\" data-id=\"f8d6fcc\" data-element_type=\"column\">\n\t\t\t<div class=\"elementor-widget-wrap elementor-element-populated\">\n\t\t\t\t\t\t<div class=\"elementor-element elementor-element-ce6f90d elementor-invisible elementor-widget elementor-widget-text-editor\" data-id=\"ce6f90d\" data-element_type=\"widget\" data-settings=\"{&quot;_animation&quot;:&quot;fadeInDown&quot;}\" data-widget_type=\"text-editor.default\">\n\t\t\t\t<div class=\"elementor-widget-container\">\n\t\t\t\t\t\t\t\t\t\n<div class=\"wpcf7 no-js\" id=\"wpcf7-f1247-o1\" lang=\"es-ES\" dir=\"ltr\" data-wpcf7-id=\"1247\">\n<div class=\"screen-reader-response\"><p role=\"status\" aria-live=\"polite\" aria-atomic=\"true\"><\/p> <ul><\/ul><\/div>\n<form action=\"\/index.php\/wp-json\/wp\/v2\/pages\/867#wpcf7-f1247-o1\" method=\"post\" class=\"wpcf7-form init\" aria-label=\"Formulario de contacto\" novalidate=\"novalidate\" data-status=\"init\">\n<fieldset class=\"hidden-fields-container\"><input type=\"hidden\" name=\"_wpcf7\" value=\"1247\" \/><input type=\"hidden\" name=\"_wpcf7_version\" value=\"6.1.3\" \/><input type=\"hidden\" name=\"_wpcf7_locale\" value=\"es_ES\" \/><input type=\"hidden\" name=\"_wpcf7_unit_tag\" value=\"wpcf7-f1247-o1\" \/><input type=\"hidden\" name=\"_wpcf7_container_post\" value=\"0\" \/><input type=\"hidden\" name=\"_wpcf7_posted_data_hash\" value=\"\" \/>\n<\/fieldset>\n<p><label> Nombre y Apellidos:<br \/>\n<span class=\"wpcf7-form-control-wrap\" data-name=\"your-name\"><input size=\"40\" maxlength=\"400\" class=\"wpcf7-form-control wpcf7-text wpcf7-validates-as-required\" aria-required=\"true\" aria-invalid=\"false\" value=\"\" type=\"text\" name=\"your-name\" \/><\/span> <\/label>\n<\/p>\n<p><label> Correo Electr\u00f3nico:<br \/>\n<span class=\"wpcf7-form-control-wrap\" data-name=\"your-email\"><input size=\"40\" maxlength=\"400\" class=\"wpcf7-form-control wpcf7-email wpcf7-validates-as-required wpcf7-text wpcf7-validates-as-email\" aria-required=\"true\" aria-invalid=\"false\" value=\"\" type=\"email\" name=\"your-email\" \/><\/span> <\/label>\n<\/p>\n<p><label> Asunto:<br \/>\n<span class=\"wpcf7-form-control-wrap\" data-name=\"your-subject\"><input size=\"40\" maxlength=\"400\" class=\"wpcf7-form-control wpcf7-text wpcf7-validates-as-required\" aria-required=\"true\" aria-invalid=\"false\" value=\"\" type=\"text\" name=\"your-subject\" \/><\/span> <\/label>\n<\/p>\n<p><label> Mensaje:<br \/>\n<span class=\"wpcf7-form-control-wrap\" data-name=\"your-message\"><textarea cols=\"40\" rows=\"10\" maxlength=\"2000\" class=\"wpcf7-form-control wpcf7-textarea\" aria-invalid=\"false\" name=\"your-message\"><\/textarea><\/span> <\/label><br \/>\n<span class=\"wpcf7-form-control-wrap\" data-name=\"casillaverificacion\"><span class=\"wpcf7-form-control wpcf7-checkbox\"><\/span><\/span>\n<\/p>\n<p><span class=\"wpcf7-form-control-wrap\" data-name=\"your-consent\"><span class=\"wpcf7-form-control wpcf7-acceptance\"><span class=\"wpcf7-list-item\"><label><input type=\"checkbox\" name=\"your-consent\" value=\"1\" aria-invalid=\"false\" \/><span class=\"wpcf7-list-item-label\">He le\u00eddo y acepto la <a href=\"\/index.php\/politica-de-privacidad\/\">pol\u00edtica de privacidad<\/a>.<\/span><\/label><\/span><\/span><\/span><br \/>\n<input class=\"wpcf7-form-control wpcf7-submit has-spinner\" type=\"submit\" value=\"Enviar\" \/>\n<\/p><div class=\"wpcf7-response-output\" aria-hidden=\"true\"><\/div>\n<\/form>\n<\/div>\n<p><strong>\n<div class=\"argpd-informar\">\n\t<p class=\"argpd-informar-title\">Informaci\u00f3n b\u00e1sica sobre protecci\u00f3n de datos <span class=\"argpd-mas\">Ver m\u00e1s<\/span><\/p>\n\t<ul>\n\t\t<li>\n\t\t\t<b>Responsable:<\/b>&nbsp;El titular del sitio.\n\t\t<\/li>\n\t\t<li><b>Finalidad:<\/b>&nbsp;\n\t\t\t\n\t\t\t\t Responder las consultas. \n\t\t\t\t\n\t\t<\/li>\n\t\t<li><b>Legitimaci\u00f3n:<\/b>&nbsp;\n\t\t\t\n\t\t\t\tPor consentimiento del interesado.<\/li>\n\n\t\t<li><b>Destinatarios y encargados de tratamiento:<\/b>&nbsp;\n\n\t\t\t\tNo se ceden o comunican datos a terceros para prestar este servicio.\n\t\t<\/li>\n\t\t<li>\n\t\t\t<b>Derechos:<\/b>&nbsp;Acceder, rectificar y suprimir los datos.\n\t\t<\/li>\n\t<\/ul>\n<\/div>\n<\/strong><\/p>\t\t\t\t\t\t\t\t<\/div>\n\t\t\t\t<\/div>\n\t\t\t\t\t<\/div>\n\t\t<\/div>\n\t\t\t\t\t<\/div>\n\t\t<\/section>\n\t\t\t\t<section class=\"elementor-section elementor-top-section elementor-element elementor-element-2955a20 elementor-section-boxed elementor-section-height-default elementor-section-height-default\" data-id=\"2955a20\" data-element_type=\"section\">\n\t\t\t\t\t\t<div class=\"elementor-container elementor-column-gap-default\">\n\t\t\t\t\t<div class=\"elementor-column elementor-col-100 elementor-top-column elementor-element elementor-element-0bca77f\" data-id=\"0bca77f\" data-element_type=\"column\">\n\t\t\t<div class=\"elementor-widget-wrap elementor-element-populated\">\n\t\t\t\t\t\t<div class=\"elementor-element elementor-element-8e5bcde elementor-widget elementor-widget-spacer\" data-id=\"8e5bcde\" data-element_type=\"widget\" data-widget_type=\"spacer.default\">\n\t\t\t\t<div class=\"elementor-widget-container\">\n\t\t\t\t\t\t\t<div class=\"elementor-spacer\">\n\t\t\t<div class=\"elementor-spacer-inner\"><\/div>\n\t\t<\/div>\n\t\t\t\t\t\t<\/div>\n\t\t\t\t<\/div>\n\t\t\t\t\t<\/div>\n\t\t<\/div>\n\t\t\t\t\t<\/div>\n\t\t<\/section>\n\t\t\t\t<\/div>\n\t\t","protected":false},"excerpt":{"rendered":"<p>CONTACTO &#8212;&#8212;&#8212;&#8212;&#8212;&#8212;&#8212;&#8212;&#8212;&#8212;&#8212;&#8212;&#8212;&#8212;&#8212;&#8212;&#8212;&#8212;&#8212;&#8212;&#8212;&#8212;- S\u00ed desea contactar con nosotros puede hacerlo mediante el siguiente cuestionario\/WhatsApp:<\/p>\n","protected":false},"author":1,"featured_media":0,"parent":0,"menu_order":0,"comment_status":"closed","ping_status":"closed","template":"","meta":{"footnotes":""},"class_list":["post-867","page","type-page","status-publish","hentry"],"_links":{"self":[{"href":"https:\/\/psicologosparatodos.es\/index.php\/wp-json\/wp\/v2\/pages\/867","targetHints":{"allow":["GET"]}}],"collection":[{"href":"https:\/\/psicologosparatodos.es\/index.php\/wp-json\/wp\/v2\/pages"}],"about":[{"href":"https:\/\/psicologosparatodos.es\/index.php\/wp-json\/wp\/v2\/types\/page"}],"author":[{"embeddable":true,"href":"https:\/\/psicologosparatodos.es\/index.php\/wp-json\/wp\/v2\/users\/1"}],"replies":[{"embeddable":true,"href":"https:\/\/psicologosparatodos.es\/index.php\/wp-json\/wp\/v2\/comments?post=867"}],"version-history":[{"count":50,"href":"https:\/\/psicologosparatodos.es\/index.php\/wp-json\/wp\/v2\/pages\/867\/revisions"}],"predecessor-version":[{"id":1382,"href":"https:\/\/psicologosparatodos.es\/index.php\/wp-json\/wp\/v2\/pages\/867\/revisions\/1382"}],"wp:attachment":[{"href":"https:\/\/psicologosparatodos.es\/index.php\/wp-json\/wp\/v2\/media?parent=867"}],"curies":[{"name":"wp","href":"https:\/\/api.w.org\/{rel}","templated":true}]}}