{"id":81,"date":"2018-10-10T10:46:47","date_gmt":"2018-10-10T09:46:47","guid":{"rendered":"https:\/\/psicologosparatodos.es\/index.php\/publications\/"},"modified":"2021-11-02T17:18:41","modified_gmt":"2021-11-02T17:18:41","slug":"publications","status":"publish","type":"page","link":"https:\/\/psicologosparatodos.es\/index.php\/publications\/","title":{"rendered":"Asistencia Corporativa"},"content":{"rendered":"\t\t<div data-elementor-type=\"wp-post\" data-elementor-id=\"81\" class=\"elementor elementor-81\">\n\t\t\t\t\t\t<section class=\"elementor-section elementor-top-section elementor-element elementor-element-4d0ce55 elementor-section-boxed elementor-section-height-default elementor-section-height-default\" data-id=\"4d0ce55\" data-element_type=\"section\">\n\t\t\t\t\t\t<div class=\"elementor-container elementor-column-gap-default\">\n\t\t\t\t\t<div class=\"elementor-column elementor-col-100 elementor-top-column elementor-element elementor-element-5b25118\" data-id=\"5b25118\" data-element_type=\"column\">\n\t\t\t<div class=\"elementor-widget-wrap elementor-element-populated\">\n\t\t\t\t\t\t<div class=\"elementor-element elementor-element-7e77031 elementor-widget elementor-widget-image\" data-id=\"7e77031\" data-element_type=\"widget\" data-widget_type=\"image.default\">\n\t\t\t\t<div class=\"elementor-widget-container\">\n\t\t\t\t\t\t\t\t\t\t\t\t\t\t\t<img decoding=\"async\" src=\"https:\/\/psicologosparatodos.es\/wp-content\/uploads\/2018\/10\/divider-free-img.png\" title=\"\" alt=\"\" loading=\"lazy\" \/>\t\t\t\t\t\t\t\t\t\t\t\t\t\t\t<\/div>\n\t\t\t\t<\/div>\n\t\t\t\t<div class=\"elementor-element elementor-element-06c58e0 animated-fast elementor-invisible elementor-widget elementor-widget-heading\" data-id=\"06c58e0\" data-element_type=\"widget\" data-settings=\"{&quot;_animation&quot;:&quot;fadeIn&quot;}\" data-widget_type=\"heading.default\">\n\t\t\t\t<div class=\"elementor-widget-container\">\n\t\t\t\t\t<h1 class=\"elementor-heading-title elementor-size-default\">ASISTENCIA CORPORATIVA<\/h1>\t\t\t\t<\/div>\n\t\t\t\t<\/div>\n\t\t\t\t\t<\/div>\n\t\t<\/div>\n\t\t\t\t\t<\/div>\n\t\t<\/section>\n\t\t\t\t<section class=\"elementor-section elementor-top-section elementor-element elementor-element-4431331 elementor-section-boxed elementor-section-height-default elementor-section-height-default\" data-id=\"4431331\" data-element_type=\"section\">\n\t\t\t\t\t\t<div class=\"elementor-container elementor-column-gap-default\">\n\t\t\t\t\t<div class=\"elementor-column elementor-col-50 elementor-top-column elementor-element elementor-element-0f345ab\" data-id=\"0f345ab\" data-element_type=\"column\">\n\t\t\t<div class=\"elementor-widget-wrap elementor-element-populated\">\n\t\t\t\t\t\t<div class=\"elementor-element elementor-element-dc108fc elementor-widget elementor-widget-image\" data-id=\"dc108fc\" data-element_type=\"widget\" data-widget_type=\"image.default\">\n\t\t\t\t<div class=\"elementor-widget-container\">\n\t\t\t\t\t\t\t\t\t\t\t\t\t\t\t<img fetchpriority=\"high\" decoding=\"async\" width=\"1024\" height=\"1024\" src=\"https:\/\/psicologosparatodos.es\/wp-content\/uploads\/2021\/10\/Entrevista-1024x1024.png\" class=\"attachment-large size-large wp-image-1034\" alt=\"\" srcset=\"https:\/\/psicologosparatodos.es\/wp-content\/uploads\/2021\/10\/Entrevista.png 1024w, https:\/\/psicologosparatodos.es\/wp-content\/uploads\/2021\/10\/Entrevista-300x300.png 300w, https:\/\/psicologosparatodos.es\/wp-content\/uploads\/2021\/10\/Entrevista-150x150.png 150w, https:\/\/psicologosparatodos.es\/wp-content\/uploads\/2021\/10\/Entrevista-768x768.png 768w\" sizes=\"(max-width: 1024px) 100vw, 1024px\" \/>\t\t\t\t\t\t\t\t\t\t\t\t\t\t\t<\/div>\n\t\t\t\t<\/div>\n\t\t\t\t<div class=\"elementor-element elementor-element-82ad1b4 elementor-widget elementor-widget-image\" data-id=\"82ad1b4\" data-element_type=\"widget\" data-widget_type=\"image.default\">\n\t\t\t\t<div class=\"elementor-widget-container\">\n\t\t\t\t\t\t\t\t\t\t\t\t\t\t\t<img decoding=\"async\" width=\"1024\" height=\"1024\" src=\"https:\/\/psicologosparatodos.es\/wp-content\/uploads\/2021\/10\/FormacionOnline-1024x1024.png\" class=\"attachment-large size-large wp-image-1035\" alt=\"\" srcset=\"https:\/\/psicologosparatodos.es\/wp-content\/uploads\/2021\/10\/FormacionOnline.png 1024w, https:\/\/psicologosparatodos.es\/wp-content\/uploads\/2021\/10\/FormacionOnline-300x300.png 300w, https:\/\/psicologosparatodos.es\/wp-content\/uploads\/2021\/10\/FormacionOnline-150x150.png 150w, https:\/\/psicologosparatodos.es\/wp-content\/uploads\/2021\/10\/FormacionOnline-768x768.png 768w\" sizes=\"(max-width: 1024px) 100vw, 1024px\" \/>\t\t\t\t\t\t\t\t\t\t\t\t\t\t\t<\/div>\n\t\t\t\t<\/div>\n\t\t\t\t\t<\/div>\n\t\t<\/div>\n\t\t\t\t<div class=\"elementor-column elementor-col-50 elementor-top-column elementor-element elementor-element-44bb0b2\" data-id=\"44bb0b2\" data-element_type=\"column\">\n\t\t\t<div class=\"elementor-widget-wrap elementor-element-populated\">\n\t\t\t\t\t\t<div class=\"elementor-element elementor-element-9093852 elementor-widget elementor-widget-text-editor\" data-id=\"9093852\" data-element_type=\"widget\" data-widget_type=\"text-editor.default\">\n\t\t\t\t<div class=\"elementor-widget-container\">\n\t\t\t\t\t\t\t\t\t<h4><span id=\"docs-internal-guid-2ee75afa-7fff-bee1-4f81-073a695ac1d6\"><span style=\"font-size: 12pt; font-family: Arial; color: #000000; background-color: transparent; font-weight: bold; font-variant-numeric: normal; font-variant-east-asian: normal; vertical-align: baseline; white-space: pre-wrap;\">Nuestra Organizaci\u00f3n presta servicios a nivel empresarial y p\u00fablico mediante:<\/span><\/span><\/h4>\t\t\t\t\t\t\t\t<\/div>\n\t\t\t\t<\/div>\n\t\t\t\t<div class=\"elementor-element elementor-element-b857a9d elementor-widget elementor-widget-text-editor\" data-id=\"b857a9d\" data-element_type=\"widget\" data-widget_type=\"text-editor.default\">\n\t\t\t\t<div class=\"elementor-widget-container\">\n\t\t\t\t\t\t\t\t\t<ul><li><span style=\"background-color: transparent; font-size: 12pt; white-space: pre-wrap; font-style: inherit;\">Entrevistas de trabajo<\/span><\/li><li><span style=\"background-color: transparent; font-size: 12pt; white-space: pre-wrap; font-style: inherit;\">Evaluaci\u00f3n e Informes de proyectos sociales subvencionados por las administraciones p\u00fablicas.<\/span><\/li><li><span style=\"background-color: transparent; font-size: 12pt; white-space: pre-wrap; font-style: inherit;\">Encuestas de mercado y de otra \u00edndole social.<\/span><\/li><li><span style=\"background-color: transparent; font-size: 12pt; white-space: pre-wrap; font-style: inherit;\">Estudios de calidad de servicios.<\/span><\/li><li><span style=\"background-color: transparent; font-size: 12pt; white-space: pre-wrap; font-style: inherit;\">Estudios de Clima laboral, evaluaci\u00f3n y medici\u00f3n del ambiente laboral y su repercusi\u00f3n en la productividad y el rendimiento.\u00a0<\/span><\/li><li><span style=\"background-color: transparent; font-size: 12pt; white-space: pre-wrap; font-style: inherit;\">Dise\u00f1o de investigaci\u00f3n y opini\u00f3n de mercado desde diferentes orientaciones psicosociales.<\/span><\/li><li><span style=\"background-color: transparent; font-size: 12pt; white-space: pre-wrap; font-style: inherit;\">Redacci\u00f3n de proyectos tanto p\u00fablicos como privados, contando para su desarrollo con personal con a\u00f1os de experiencia y amplia formaci\u00f3n en este campo.<\/span><\/li><li><span style=\"background-color: transparent; font-size: 12pt; white-space: pre-wrap; font-style: inherit;\">Realizaci\u00f3n de cursos empresariales (adaptamos los cursos en funci\u00f3n de las necesidades de las organizaci\u00f3n) en diversas \u00e1reas como: el Coaching, PNL para en empresas,<\/span><span style=\"background-color: transparent; font-size: 12pt; white-space: pre-wrap; font-style: inherit;\"> Intelig<\/span><span style=\"background-color: transparent; font-size: 12pt; white-space: pre-wrap; font-style: inherit;\">encia<\/span><span style=\"background-color: transparent; font-size: 12pt; white-space: pre-wrap; font-style: inherit;\"> Emocional en el trabajo, etc.<\/span><\/li><li><span style=\"background-color: transparent; color: #000000; font-family: Arial; font-size: 12pt; text-align: justify; white-space: pre-wrap; font-style: inherit;\">Apoyo<\/span><span style=\"background-color: transparent; color: #000000; font-family: Arial; font-size: 12pt; text-align: justify; white-space: pre-wrap; font-style: inherit;\"> terap\u00e9<\/span><span style=\"background-color: transparent; color: #000000; font-family: Arial; font-size: 12pt; text-align: justify; white-space: pre-wrap; font-style: inherit;\">utico<\/span><span style=\"background-color: transparent; color: #000000; font-family: Arial; font-size: 12pt; text-align: justify; white-space: pre-wrap; font-style: inherit;\"> a empleados de empresas que hayan firmados convenios de colaboraci\u00f3n con nuestra ONG y que precisen de ayuda psicol\u00f3gica.<\/span><\/li><\/ul><p>\u00a0<\/p>\t\t\t\t\t\t\t\t<\/div>\n\t\t\t\t<\/div>\n\t\t\t\t\t<\/div>\n\t\t<\/div>\n\t\t\t\t\t<\/div>\n\t\t<\/section>\n\t\t\t\t<section class=\"elementor-section elementor-top-section elementor-element elementor-element-2bcf9e1 elementor-section-boxed elementor-section-height-default elementor-section-height-default\" data-id=\"2bcf9e1\" data-element_type=\"section\">\n\t\t\t\t\t\t<div class=\"elementor-container elementor-column-gap-default\">\n\t\t\t\t\t<div class=\"elementor-column elementor-col-100 elementor-top-column elementor-element elementor-element-9e52b46\" data-id=\"9e52b46\" data-element_type=\"column\">\n\t\t\t<div class=\"elementor-widget-wrap elementor-element-populated\">\n\t\t\t\t\t\t<div class=\"elementor-element elementor-element-9a03f94 elementor-widget elementor-widget-spacer\" data-id=\"9a03f94\" data-element_type=\"widget\" data-widget_type=\"spacer.default\">\n\t\t\t\t<div class=\"elementor-widget-container\">\n\t\t\t\t\t\t\t<div class=\"elementor-spacer\">\n\t\t\t<div class=\"elementor-spacer-inner\"><\/div>\n\t\t<\/div>\n\t\t\t\t\t\t<\/div>\n\t\t\t\t<\/div>\n\t\t\t\t\t<\/div>\n\t\t<\/div>\n\t\t\t\t\t<\/div>\n\t\t<\/section>\n\t\t\t\t<section class=\"elementor-section elementor-top-section elementor-element elementor-element-f5ecc80 elementor-section-boxed elementor-section-height-default elementor-section-height-default\" data-id=\"f5ecc80\" data-element_type=\"section\">\n\t\t\t\t\t\t<div class=\"elementor-container elementor-column-gap-default\">\n\t\t\t\t\t<div class=\"elementor-column elementor-col-100 elementor-top-column elementor-element elementor-element-f656056\" data-id=\"f656056\" data-element_type=\"column\">\n\t\t\t<div class=\"elementor-widget-wrap elementor-element-populated\">\n\t\t\t\t\t\t<div class=\"elementor-element elementor-element-623dfa4 elementor-widget elementor-widget-text-editor\" data-id=\"623dfa4\" data-element_type=\"widget\" data-widget_type=\"text-editor.default\">\n\t\t\t\t<div class=\"elementor-widget-container\">\n\t\t\t\t\t\t\t\t\t<p><a href=\"https:\/\/api.whatsapp.com\/send?phone=34666857759&amp;text=Quiero%20m%C3%A1s%20informaci%C3%B3n%20de%20sus%20servicios%20...\"><img decoding=\"async\" class=\"aligncenter wp-image-1284 size-medium\" src=\"https:\/\/psicologosparatodos.es\/wp-content\/uploads\/2021\/11\/whatsapp-button-300x80.png\" alt=\"\" width=\"300\" height=\"80\" srcset=\"https:\/\/psicologosparatodos.es\/wp-content\/uploads\/2021\/11\/whatsapp-button-300x80.png 300w, https:\/\/psicologosparatodos.es\/wp-content\/uploads\/2021\/11\/whatsapp-button-1024x272.png 1024w, https:\/\/psicologosparatodos.es\/wp-content\/uploads\/2021\/11\/whatsapp-button-768x204.png 768w, https:\/\/psicologosparatodos.es\/wp-content\/uploads\/2021\/11\/whatsapp-button-1536x408.png 1536w, https:\/\/psicologosparatodos.es\/wp-content\/uploads\/2021\/11\/whatsapp-button-2048x544.png 2048w\" sizes=\"(max-width: 300px) 100vw, 300px\" \/><\/a><\/p>\t\t\t\t\t\t\t\t<\/div>\n\t\t\t\t<\/div>\n\t\t\t\t\t<\/div>\n\t\t<\/div>\n\t\t\t\t\t<\/div>\n\t\t<\/section>\n\t\t\t\t<\/div>\n\t\t","protected":false},"excerpt":{"rendered":"<p>ASISTENCIA CORPORATIVA Nuestra Organizaci\u00f3n presta servicios a nivel empresarial y p\u00fablico mediante: Entrevistas de trabajo Evaluaci\u00f3n e Informes de proyectos sociales subvencionados por las administraciones p\u00fablicas. Encuestas de mercado y de otra \u00edndole social. Estudios de calidad de servicios. Estudios de Clima laboral, evaluaci\u00f3n y medici\u00f3n del ambiente laboral y su repercusi\u00f3n en la productividad &hellip;<\/p>\n<p class=\"read-more\"> <a class=\"\" href=\"https:\/\/psicologosparatodos.es\/index.php\/publications\/\"> <span class=\"screen-reader-text\">Asistencia Corporativa<\/span> Leer m\u00e1s &raquo;<\/a><\/p>\n","protected":false},"author":1,"featured_media":0,"parent":0,"menu_order":0,"comment_status":"closed","ping_status":"closed","template":"","meta":{"footnotes":""},"class_list":["post-81","page","type-page","status-publish","hentry"],"_links":{"self":[{"href":"https:\/\/psicologosparatodos.es\/index.php\/wp-json\/wp\/v2\/pages\/81","targetHints":{"allow":["GET"]}}],"collection":[{"href":"https:\/\/psicologosparatodos.es\/index.php\/wp-json\/wp\/v2\/pages"}],"about":[{"href":"https:\/\/psicologosparatodos.es\/index.php\/wp-json\/wp\/v2\/types\/page"}],"author":[{"embeddable":true,"href":"https:\/\/psicologosparatodos.es\/index.php\/wp-json\/wp\/v2\/users\/1"}],"replies":[{"embeddable":true,"href":"https:\/\/psicologosparatodos.es\/index.php\/wp-json\/wp\/v2\/comments?post=81"}],"version-history":[{"count":19,"href":"https:\/\/psicologosparatodos.es\/index.php\/wp-json\/wp\/v2\/pages\/81\/revisions"}],"predecessor-version":[{"id":1379,"href":"https:\/\/psicologosparatodos.es\/index.php\/wp-json\/wp\/v2\/pages\/81\/revisions\/1379"}],"wp:attachment":[{"href":"https:\/\/psicologosparatodos.es\/index.php\/wp-json\/wp\/v2\/media?parent=81"}],"curies":[{"name":"wp","href":"https:\/\/api.w.org\/{rel}","templated":true}]}}