{"id":1774,"date":"2026-01-28T15:59:07","date_gmt":"2026-01-28T15:59:07","guid":{"rendered":"https:\/\/psicologosparatodos.es\/?page_id=1774"},"modified":"2026-01-28T16:09:34","modified_gmt":"2026-01-28T16:09:34","slug":"proyecto-programa-de-atencion-social","status":"publish","type":"page","link":"https:\/\/psicologosparatodos.es\/index.php\/proyecto-programa-de-atencion-social\/","title":{"rendered":"Proyecto: Programa de Atenci\u00f3n Social"},"content":{"rendered":"\t\t<div data-elementor-type=\"wp-page\" data-elementor-id=\"1774\" class=\"elementor elementor-1774\">\n\t\t\t\t\t\t<section class=\"elementor-section elementor-top-section elementor-element elementor-element-83c0cc9 elementor-section-boxed elementor-section-height-default elementor-section-height-default\" data-id=\"83c0cc9\" data-element_type=\"section\">\n\t\t\t\t\t\t<div class=\"elementor-container elementor-column-gap-default\">\n\t\t\t\t\t<div class=\"elementor-column elementor-col-100 elementor-top-column elementor-element elementor-element-b962a19\" data-id=\"b962a19\" data-element_type=\"column\">\n\t\t\t<div class=\"elementor-widget-wrap elementor-element-populated\">\n\t\t\t\t\t\t<div class=\"elementor-element elementor-element-fccc69a elementor-widget elementor-widget-heading\" data-id=\"fccc69a\" data-element_type=\"widget\" data-widget_type=\"heading.default\">\n\t\t\t\t<div class=\"elementor-widget-container\">\n\t\t\t\t\t<h2 class=\"elementor-heading-title elementor-size-default\">proyecto \u201cPrograma de Atenci\u00f3n Social\u201d<\/h2>\t\t\t\t<\/div>\n\t\t\t\t<\/div>\n\t\t\t\t<div class=\"elementor-element elementor-element-bf69e6e elementor-widget elementor-widget-heading\" data-id=\"bf69e6e\" data-element_type=\"widget\" data-widget_type=\"heading.default\">\n\t\t\t\t<div class=\"elementor-widget-container\">\n\t\t\t\t\t<h3 class=\"elementor-heading-title elementor-size-default\">Personas en Vulnerabilidad Social<\/h3>\t\t\t\t<\/div>\n\t\t\t\t<\/div>\n\t\t\t\t\t<\/div>\n\t\t<\/div>\n\t\t\t\t\t<\/div>\n\t\t<\/section>\n\t\t\t\t<section class=\"elementor-section elementor-top-section elementor-element elementor-element-65d22cb elementor-section-boxed elementor-section-height-default elementor-section-height-default\" data-id=\"65d22cb\" data-element_type=\"section\">\n\t\t\t\t\t\t<div class=\"elementor-container elementor-column-gap-default\">\n\t\t\t\t\t<div class=\"elementor-column elementor-col-100 elementor-top-column elementor-element elementor-element-6ea937b\" data-id=\"6ea937b\" data-element_type=\"column\">\n\t\t\t<div class=\"elementor-widget-wrap elementor-element-populated\">\n\t\t\t\t\t\t<div class=\"elementor-element elementor-element-4a7fcab elementor-widget__width-initial elementor-widget elementor-widget-text-editor\" data-id=\"4a7fcab\" data-element_type=\"widget\" data-widget_type=\"text-editor.default\">\n\t\t\t\t<div class=\"elementor-widget-container\">\n\t\t\t\t\t\t\t\t\t<p>El<strong> \u201cPrograma de Atenci\u00f3n Social: Personas en Vulnerabilidad Social\u201d<\/strong> de la<strong> Asociaci\u00f3n Psic\u00f3logos para Todos<\/strong> tiene como objetivo principal <strong>mejorar el bienestar<\/strong> <strong>psicol\u00f3gico, social y emocional<\/strong> de personas y familias que atraviesan <strong>situaciones de vulnerabilidad<\/strong> <strong>psicosocial<\/strong>, precariedad econ\u00f3mica, aislamiento, discapacidad o dificultades derivadas<br \/>de crisis personales y comunitarias.<\/p>\t\t\t\t\t\t\t\t<\/div>\n\t\t\t\t<\/div>\n\t\t\t\t<div class=\"elementor-element elementor-element-9dc3421 elementor-widget__width-initial elementor-widget elementor-widget-text-editor\" data-id=\"9dc3421\" data-element_type=\"widget\" data-widget_type=\"text-editor.default\">\n\t\t\t\t<div class=\"elementor-widget-container\">\n\t\t\t\t\t\t\t\t\t<p>Desde un <strong>enfoque<\/strong> <strong>psicosocial<\/strong> y comunitario, el programa ofrece atenci\u00f3n individual, grupal y familiar, orientada a <strong>fortalecer<\/strong> recursos personales, promover <strong>la salud mental<\/strong> y facilitar <strong>la integraci\u00f3n social<\/strong>. Las actuaciones incluyen atenci\u00f3n psicol\u00f3gica de apoyo, orientaci\u00f3n social, acompa\u00f1amiento emocional, talleres psicoeducativos, mediaci\u00f3n familiar y derivaci\u00f3n coordinada con los servicios sociales municipales y sanitarios.<\/p>\t\t\t\t\t\t\t\t<\/div>\n\t\t\t\t<\/div>\n\t\t\t\t<div class=\"elementor-element elementor-element-4cc4d02 elementor-widget__width-initial elementor-widget elementor-widget-text-editor\" data-id=\"4cc4d02\" data-element_type=\"widget\" data-widget_type=\"text-editor.default\">\n\t\t\t\t<div class=\"elementor-widget-container\">\n\t\t\t\t\t\t\t\t\t<p><strong>El proyecto<\/strong> se sustenta en la experiencia directa de la entidad en el territorio, especialmente en El Valle de Aridane, donde se ha constatado un incremento de las necesidades sociales y emocionales tras la erupci\u00f3n volc\u00e1nica y los efectos socioecon\u00f3micos derivados.<\/p>\t\t\t\t\t\t\t\t<\/div>\n\t\t\t\t<\/div>\n\t\t\t\t<section class=\"elementor-section elementor-inner-section elementor-element elementor-element-bc5a743 elementor-section-boxed elementor-section-height-default elementor-section-height-default\" data-id=\"bc5a743\" data-element_type=\"section\">\n\t\t\t\t\t\t<div class=\"elementor-container elementor-column-gap-default\">\n\t\t\t\t\t<div class=\"elementor-column elementor-col-100 elementor-inner-column elementor-element elementor-element-e501dc0\" data-id=\"e501dc0\" data-element_type=\"column\">\n\t\t\t<div class=\"elementor-widget-wrap elementor-element-populated\">\n\t\t\t\t\t\t<div class=\"elementor-element elementor-element-55b5b14 elementor-widget elementor-widget-text-editor\" data-id=\"55b5b14\" data-element_type=\"widget\" data-widget_type=\"text-editor.default\">\n\t\t\t\t<div class=\"elementor-widget-container\">\n\t\t\t\t\t\t\t\t\t<p>Subvencionado por: <strong>Cabildo de La Palma<\/strong>.<\/p>\t\t\t\t\t\t\t\t<\/div>\n\t\t\t\t<\/div>\n\t\t\t\t\t<\/div>\n\t\t<\/div>\n\t\t\t\t\t<\/div>\n\t\t<\/section>\n\t\t\t\t\t<\/div>\n\t\t<\/div>\n\t\t\t\t\t<\/div>\n\t\t<\/section>\n\t\t\t\t<section class=\"elementor-section elementor-top-section elementor-element elementor-element-bb50ebc elementor-section-boxed elementor-section-height-default elementor-section-height-default\" data-id=\"bb50ebc\" data-element_type=\"section\">\n\t\t\t\t\t\t<div class=\"elementor-container elementor-column-gap-default\">\n\t\t\t\t\t<div class=\"elementor-column elementor-col-33 elementor-top-column elementor-element elementor-element-959b0ee\" data-id=\"959b0ee\" data-element_type=\"column\">\n\t\t\t<div class=\"elementor-widget-wrap elementor-element-populated\">\n\t\t\t\t\t\t<div class=\"elementor-element elementor-element-d8dce73 elementor-widget elementor-widget-image\" data-id=\"d8dce73\" data-element_type=\"widget\" data-widget_type=\"image.default\">\n\t\t\t\t<div class=\"elementor-widget-container\">\n\t\t\t\t\t\t\t\t\t\t\t\t\t\t\t<img fetchpriority=\"high\" decoding=\"async\" width=\"760\" height=\"1024\" src=\"https:\/\/psicologosparatodos.es\/wp-content\/uploads\/2026\/01\/CartelAccion1-760x1024.jpg\" class=\"attachment-large size-large wp-image-1796\" alt=\"\" srcset=\"https:\/\/psicologosparatodos.es\/wp-content\/uploads\/2026\/01\/CartelAccion1-760x1024.jpg 760w, https:\/\/psicologosparatodos.es\/wp-content\/uploads\/2026\/01\/CartelAccion1-223x300.jpg 223w, https:\/\/psicologosparatodos.es\/wp-content\/uploads\/2026\/01\/CartelAccion1.jpg 1440w\" sizes=\"(max-width: 760px) 100vw, 760px\" \/>\t\t\t\t\t\t\t\t\t\t\t\t\t\t\t<\/div>\n\t\t\t\t<\/div>\n\t\t\t\t\t<\/div>\n\t\t<\/div>\n\t\t\t\t<div class=\"elementor-column elementor-col-33 elementor-top-column elementor-element elementor-element-f668051\" data-id=\"f668051\" data-element_type=\"column\">\n\t\t\t<div class=\"elementor-widget-wrap elementor-element-populated\">\n\t\t\t\t\t\t<div class=\"elementor-element elementor-element-8ff2347 elementor-widget elementor-widget-image\" data-id=\"8ff2347\" data-element_type=\"widget\" data-widget_type=\"image.default\">\n\t\t\t\t<div class=\"elementor-widget-container\">\n\t\t\t\t\t\t\t\t\t\t\t\t\t\t\t<img decoding=\"async\" width=\"760\" height=\"1024\" src=\"https:\/\/psicologosparatodos.es\/wp-content\/uploads\/2026\/01\/CartelAccion2-760x1024.jpg\" class=\"attachment-large size-large wp-image-1797\" alt=\"\" srcset=\"https:\/\/psicologosparatodos.es\/wp-content\/uploads\/2026\/01\/CartelAccion2-760x1024.jpg 760w, https:\/\/psicologosparatodos.es\/wp-content\/uploads\/2026\/01\/CartelAccion2-223x300.jpg 223w, https:\/\/psicologosparatodos.es\/wp-content\/uploads\/2026\/01\/CartelAccion2.jpg 1440w\" sizes=\"(max-width: 760px) 100vw, 760px\" \/>\t\t\t\t\t\t\t\t\t\t\t\t\t\t\t<\/div>\n\t\t\t\t<\/div>\n\t\t\t\t\t<\/div>\n\t\t<\/div>\n\t\t\t\t<div class=\"elementor-column elementor-col-33 elementor-top-column elementor-element elementor-element-7ed2741\" data-id=\"7ed2741\" data-element_type=\"column\">\n\t\t\t<div class=\"elementor-widget-wrap elementor-element-populated\">\n\t\t\t\t\t\t<div class=\"elementor-element elementor-element-5430bee elementor-widget elementor-widget-image\" data-id=\"5430bee\" data-element_type=\"widget\" data-widget_type=\"image.default\">\n\t\t\t\t<div class=\"elementor-widget-container\">\n\t\t\t\t\t\t\t\t\t\t\t\t\t\t\t<img decoding=\"async\" width=\"760\" height=\"1024\" src=\"https:\/\/psicologosparatodos.es\/wp-content\/uploads\/2026\/01\/CartelAccion3-760x1024.jpg\" class=\"attachment-large size-large wp-image-1798\" alt=\"\" srcset=\"https:\/\/psicologosparatodos.es\/wp-content\/uploads\/2026\/01\/CartelAccion3-760x1024.jpg 760w, https:\/\/psicologosparatodos.es\/wp-content\/uploads\/2026\/01\/CartelAccion3-223x300.jpg 223w, https:\/\/psicologosparatodos.es\/wp-content\/uploads\/2026\/01\/CartelAccion3.jpg 1440w\" sizes=\"(max-width: 760px) 100vw, 760px\" \/>\t\t\t\t\t\t\t\t\t\t\t\t\t\t\t<\/div>\n\t\t\t\t<\/div>\n\t\t\t\t\t<\/div>\n\t\t<\/div>\n\t\t\t\t\t<\/div>\n\t\t<\/section>\n\t\t\t\t<section class=\"elementor-section elementor-top-section elementor-element elementor-element-f7018cf elementor-section-boxed elementor-section-height-default elementor-section-height-default\" data-id=\"f7018cf\" data-element_type=\"section\">\n\t\t\t\t\t\t<div class=\"elementor-container elementor-column-gap-default\">\n\t\t\t\t\t<div class=\"elementor-column elementor-col-33 elementor-top-column elementor-element elementor-element-ef83687\" data-id=\"ef83687\" data-element_type=\"column\">\n\t\t\t<div class=\"elementor-widget-wrap elementor-element-populated\">\n\t\t\t\t\t\t<div class=\"elementor-element elementor-element-ccb268d elementor-widget elementor-widget-image\" data-id=\"ccb268d\" data-element_type=\"widget\" data-widget_type=\"image.default\">\n\t\t\t\t<div class=\"elementor-widget-container\">\n\t\t\t\t\t\t\t\t\t\t\t\t\t\t\t<img loading=\"lazy\" decoding=\"async\" width=\"760\" height=\"1024\" src=\"https:\/\/psicologosparatodos.es\/wp-content\/uploads\/2026\/01\/CartelAccion4-760x1024.jpg\" class=\"attachment-large size-large wp-image-1799\" alt=\"\" srcset=\"https:\/\/psicologosparatodos.es\/wp-content\/uploads\/2026\/01\/CartelAccion4-760x1024.jpg 760w, https:\/\/psicologosparatodos.es\/wp-content\/uploads\/2026\/01\/CartelAccion4-223x300.jpg 223w, https:\/\/psicologosparatodos.es\/wp-content\/uploads\/2026\/01\/CartelAccion4.jpg 1440w\" sizes=\"(max-width: 760px) 100vw, 760px\" \/>\t\t\t\t\t\t\t\t\t\t\t\t\t\t\t<\/div>\n\t\t\t\t<\/div>\n\t\t\t\t\t<\/div>\n\t\t<\/div>\n\t\t\t\t<div class=\"elementor-column elementor-col-33 elementor-top-column elementor-element elementor-element-592b2e9\" data-id=\"592b2e9\" data-element_type=\"column\">\n\t\t\t<div class=\"elementor-widget-wrap elementor-element-populated\">\n\t\t\t\t\t\t<div class=\"elementor-element elementor-element-009cc3e elementor-widget elementor-widget-image\" data-id=\"009cc3e\" data-element_type=\"widget\" data-widget_type=\"image.default\">\n\t\t\t\t<div class=\"elementor-widget-container\">\n\t\t\t\t\t\t\t\t\t\t\t\t\t\t\t<img loading=\"lazy\" decoding=\"async\" width=\"760\" height=\"1024\" src=\"https:\/\/psicologosparatodos.es\/wp-content\/uploads\/2026\/01\/CartelAccion5-760x1024.jpg\" class=\"attachment-large size-large wp-image-1800\" alt=\"\" srcset=\"https:\/\/psicologosparatodos.es\/wp-content\/uploads\/2026\/01\/CartelAccion5-760x1024.jpg 760w, https:\/\/psicologosparatodos.es\/wp-content\/uploads\/2026\/01\/CartelAccion5-223x300.jpg 223w, https:\/\/psicologosparatodos.es\/wp-content\/uploads\/2026\/01\/CartelAccion5.jpg 1440w\" sizes=\"(max-width: 760px) 100vw, 760px\" \/>\t\t\t\t\t\t\t\t\t\t\t\t\t\t\t<\/div>\n\t\t\t\t<\/div>\n\t\t\t\t\t<\/div>\n\t\t<\/div>\n\t\t\t\t<div class=\"elementor-column elementor-col-33 elementor-top-column elementor-element elementor-element-b786e70\" data-id=\"b786e70\" data-element_type=\"column\">\n\t\t\t<div class=\"elementor-widget-wrap elementor-element-populated\">\n\t\t\t\t\t\t<div class=\"elementor-element elementor-element-4018ce1 elementor-widget elementor-widget-image\" data-id=\"4018ce1\" data-element_type=\"widget\" data-widget_type=\"image.default\">\n\t\t\t\t<div class=\"elementor-widget-container\">\n\t\t\t\t\t\t\t\t\t\t\t\t\t\t\t<img loading=\"lazy\" decoding=\"async\" width=\"760\" height=\"1024\" src=\"https:\/\/psicologosparatodos.es\/wp-content\/uploads\/2026\/01\/CartelAccion6-760x1024.jpg\" class=\"attachment-large size-large wp-image-1801\" alt=\"\" srcset=\"https:\/\/psicologosparatodos.es\/wp-content\/uploads\/2026\/01\/CartelAccion6-760x1024.jpg 760w, https:\/\/psicologosparatodos.es\/wp-content\/uploads\/2026\/01\/CartelAccion6-223x300.jpg 223w, https:\/\/psicologosparatodos.es\/wp-content\/uploads\/2026\/01\/CartelAccion6-768x1035.jpg 768w, https:\/\/psicologosparatodos.es\/wp-content\/uploads\/2026\/01\/CartelAccion6.jpg 1132w\" sizes=\"(max-width: 760px) 100vw, 760px\" \/>\t\t\t\t\t\t\t\t\t\t\t\t\t\t\t<\/div>\n\t\t\t\t<\/div>\n\t\t\t\t\t<\/div>\n\t\t<\/div>\n\t\t\t\t\t<\/div>\n\t\t<\/section>\n\t\t\t\t<section class=\"elementor-section elementor-top-section elementor-element elementor-element-b78edcc elementor-section-boxed elementor-section-height-default elementor-section-height-default\" data-id=\"b78edcc\" data-element_type=\"section\">\n\t\t\t\t\t\t<div class=\"elementor-container elementor-column-gap-default\">\n\t\t\t\t\t<div class=\"elementor-column elementor-col-33 elementor-top-column elementor-element elementor-element-a4c813c\" data-id=\"a4c813c\" data-element_type=\"column\">\n\t\t\t<div class=\"elementor-widget-wrap elementor-element-populated\">\n\t\t\t\t\t\t<div class=\"elementor-element elementor-element-68f7aa7 elementor-widget elementor-widget-image\" data-id=\"68f7aa7\" data-element_type=\"widget\" data-widget_type=\"image.default\">\n\t\t\t\t<div class=\"elementor-widget-container\">\n\t\t\t\t\t\t\t\t\t\t\t\t\t\t\t<img loading=\"lazy\" decoding=\"async\" width=\"768\" height=\"1024\" src=\"https:\/\/psicologosparatodos.es\/wp-content\/uploads\/2026\/01\/CartelAccion7-768x1024.webp\" class=\"attachment-large size-large wp-image-1802\" alt=\"\" srcset=\"https:\/\/psicologosparatodos.es\/wp-content\/uploads\/2026\/01\/CartelAccion7-768x1024.webp 768w, https:\/\/psicologosparatodos.es\/wp-content\/uploads\/2026\/01\/CartelAccion7-225x300.webp 225w, https:\/\/psicologosparatodos.es\/wp-content\/uploads\/2026\/01\/CartelAccion7.webp 1080w\" sizes=\"(max-width: 768px) 100vw, 768px\" \/>\t\t\t\t\t\t\t\t\t\t\t\t\t\t\t<\/div>\n\t\t\t\t<\/div>\n\t\t\t\t\t<\/div>\n\t\t<\/div>\n\t\t\t\t<div class=\"elementor-column elementor-col-33 elementor-top-column elementor-element elementor-element-e9705d1\" data-id=\"e9705d1\" data-element_type=\"column\">\n\t\t\t<div class=\"elementor-widget-wrap elementor-element-populated\">\n\t\t\t\t\t\t<div class=\"elementor-element elementor-element-ad66798 elementor-widget elementor-widget-image\" data-id=\"ad66798\" data-element_type=\"widget\" data-widget_type=\"image.default\">\n\t\t\t\t<div class=\"elementor-widget-container\">\n\t\t\t\t\t\t\t\t\t\t\t\t\t\t\t<img loading=\"lazy\" decoding=\"async\" width=\"768\" height=\"1024\" src=\"https:\/\/psicologosparatodos.es\/wp-content\/uploads\/2026\/01\/CartelAccion8-768x1024.webp\" class=\"attachment-large size-large wp-image-1803\" alt=\"\" srcset=\"https:\/\/psicologosparatodos.es\/wp-content\/uploads\/2026\/01\/CartelAccion8-768x1024.webp 768w, https:\/\/psicologosparatodos.es\/wp-content\/uploads\/2026\/01\/CartelAccion8-225x300.webp 225w, https:\/\/psicologosparatodos.es\/wp-content\/uploads\/2026\/01\/CartelAccion8.webp 1080w\" sizes=\"(max-width: 768px) 100vw, 768px\" \/>\t\t\t\t\t\t\t\t\t\t\t\t\t\t\t<\/div>\n\t\t\t\t<\/div>\n\t\t\t\t\t<\/div>\n\t\t<\/div>\n\t\t\t\t<div class=\"elementor-column elementor-col-33 elementor-top-column elementor-element elementor-element-7ecab07\" data-id=\"7ecab07\" data-element_type=\"column\">\n\t\t\t<div class=\"elementor-widget-wrap elementor-element-populated\">\n\t\t\t\t\t\t<div class=\"elementor-element elementor-element-e8459e7 elementor-widget elementor-widget-image\" data-id=\"e8459e7\" data-element_type=\"widget\" data-widget_type=\"image.default\">\n\t\t\t\t<div class=\"elementor-widget-container\">\n\t\t\t\t\t\t\t\t\t\t\t\t\t\t\t<img loading=\"lazy\" decoding=\"async\" width=\"760\" height=\"1024\" src=\"https:\/\/psicologosparatodos.es\/wp-content\/uploads\/2026\/01\/CartelAccion9-760x1024.jpg\" class=\"attachment-large size-large wp-image-1804\" alt=\"\" srcset=\"https:\/\/psicologosparatodos.es\/wp-content\/uploads\/2026\/01\/CartelAccion9-760x1024.jpg 760w, https:\/\/psicologosparatodos.es\/wp-content\/uploads\/2026\/01\/CartelAccion9-223x300.jpg 223w, https:\/\/psicologosparatodos.es\/wp-content\/uploads\/2026\/01\/CartelAccion9.jpg 1440w\" sizes=\"(max-width: 760px) 100vw, 760px\" \/>\t\t\t\t\t\t\t\t\t\t\t\t\t\t\t<\/div>\n\t\t\t\t<\/div>\n\t\t\t\t\t<\/div>\n\t\t<\/div>\n\t\t\t\t\t<\/div>\n\t\t<\/section>\n\t\t\t\t<section class=\"elementor-section elementor-top-section elementor-element elementor-element-51cf2eb elementor-section-boxed elementor-section-height-default elementor-section-height-default\" data-id=\"51cf2eb\" data-element_type=\"section\">\n\t\t\t\t\t\t<div class=\"elementor-container elementor-column-gap-default\">\n\t\t\t\t\t<div class=\"elementor-column elementor-col-100 elementor-top-column elementor-element elementor-element-0004cc6\" data-id=\"0004cc6\" data-element_type=\"column\">\n\t\t\t<div class=\"elementor-widget-wrap elementor-element-populated\">\n\t\t\t\t\t\t<div class=\"elementor-element elementor-element-e695c65 elementor-widget-divider--view-line elementor-widget elementor-widget-divider\" data-id=\"e695c65\" data-element_type=\"widget\" data-widget_type=\"divider.default\">\n\t\t\t\t<div class=\"elementor-widget-container\">\n\t\t\t\t\t\t\t<div class=\"elementor-divider\">\n\t\t\t<span class=\"elementor-divider-separator\">\n\t\t\t\t\t\t<\/span>\n\t\t<\/div>\n\t\t\t\t\t\t<\/div>\n\t\t\t\t<\/div>\n\t\t\t\t\t<\/div>\n\t\t<\/div>\n\t\t\t\t\t<\/div>\n\t\t<\/section>\n\t\t\t\t<\/div>\n\t\t","protected":false},"excerpt":{"rendered":"<p>proyecto \u201cPrograma de Atenci\u00f3n Social\u201d Personas en Vulnerabilidad Social El \u201cPrograma de Atenci\u00f3n Social: Personas en Vulnerabilidad Social\u201d de la Asociaci\u00f3n Psic\u00f3logos para Todos tiene como objetivo principal mejorar el bienestar psicol\u00f3gico, social y emocional de personas y familias que atraviesan situaciones de vulnerabilidad psicosocial, precariedad econ\u00f3mica, aislamiento, discapacidad o dificultades derivadasde crisis personales y &hellip;<\/p>\n<p class=\"read-more\"> <a class=\"\" href=\"https:\/\/psicologosparatodos.es\/index.php\/proyecto-programa-de-atencion-social\/\"> <span class=\"screen-reader-text\">Proyecto: Programa de Atenci\u00f3n Social<\/span> Leer m\u00e1s &raquo;<\/a><\/p>\n","protected":false},"author":1,"featured_media":0,"parent":0,"menu_order":0,"comment_status":"closed","ping_status":"closed","template":"","meta":{"footnotes":""},"class_list":["post-1774","page","type-page","status-publish","hentry"],"_links":{"self":[{"href":"https:\/\/psicologosparatodos.es\/index.php\/wp-json\/wp\/v2\/pages\/1774","targetHints":{"allow":["GET"]}}],"collection":[{"href":"https:\/\/psicologosparatodos.es\/index.php\/wp-json\/wp\/v2\/pages"}],"about":[{"href":"https:\/\/psicologosparatodos.es\/index.php\/wp-json\/wp\/v2\/types\/page"}],"author":[{"embeddable":true,"href":"https:\/\/psicologosparatodos.es\/index.php\/wp-json\/wp\/v2\/users\/1"}],"replies":[{"embeddable":true,"href":"https:\/\/psicologosparatodos.es\/index.php\/wp-json\/wp\/v2\/comments?post=1774"}],"version-history":[{"count":9,"href":"https:\/\/psicologosparatodos.es\/index.php\/wp-json\/wp\/v2\/pages\/1774\/revisions"}],"predecessor-version":[{"id":1810,"href":"https:\/\/psicologosparatodos.es\/index.php\/wp-json\/wp\/v2\/pages\/1774\/revisions\/1810"}],"wp:attachment":[{"href":"https:\/\/psicologosparatodos.es\/index.php\/wp-json\/wp\/v2\/media?parent=1774"}],"curies":[{"name":"wp","href":"https:\/\/api.w.org\/{rel}","templated":true}]}}