{"id":1697,"date":"2025-10-15T09:16:30","date_gmt":"2025-10-15T08:16:30","guid":{"rendered":"https:\/\/psicologosparatodos.es\/?page_id=1697"},"modified":"2026-01-28T16:12:05","modified_gmt":"2026-01-28T16:12:05","slug":"proyecto-voluntariado-en-accion","status":"publish","type":"page","link":"https:\/\/psicologosparatodos.es\/index.php\/proyecto-voluntariado-en-accion\/","title":{"rendered":"Proyecto: Voluntariado En Acci\u00f3n"},"content":{"rendered":"\t\t<div data-elementor-type=\"wp-page\" data-elementor-id=\"1697\" class=\"elementor elementor-1697\">\n\t\t\t\t\t\t<section class=\"elementor-section elementor-top-section elementor-element elementor-element-83c0cc9 elementor-section-boxed elementor-section-height-default elementor-section-height-default\" data-id=\"83c0cc9\" data-element_type=\"section\">\n\t\t\t\t\t\t<div class=\"elementor-container elementor-column-gap-default\">\n\t\t\t\t\t<div class=\"elementor-column elementor-col-100 elementor-top-column elementor-element elementor-element-b962a19\" data-id=\"b962a19\" data-element_type=\"column\">\n\t\t\t<div class=\"elementor-widget-wrap elementor-element-populated\">\n\t\t\t\t\t\t<div class=\"elementor-element elementor-element-fccc69a elementor-widget elementor-widget-heading\" data-id=\"fccc69a\" data-element_type=\"widget\" data-widget_type=\"heading.default\">\n\t\t\t\t<div class=\"elementor-widget-container\">\n\t\t\t\t\t<h2 class=\"elementor-heading-title elementor-size-default\">El proyecto \u201cVoluntariado en Acci\u00f3n\u201d<\/h2>\t\t\t\t<\/div>\n\t\t\t\t<\/div>\n\t\t\t\t<div class=\"elementor-element elementor-element-bf69e6e elementor-widget elementor-widget-heading\" data-id=\"bf69e6e\" data-element_type=\"widget\" data-widget_type=\"heading.default\">\n\t\t\t\t<div class=\"elementor-widget-container\">\n\t\t\t\t\t<h3 class=\"elementor-heading-title elementor-size-default\">CUIDAR, ACOMPA\u00d1AR, TRANSFORMAR DESDE EL CORAZ\u00d3N\u200b<\/h3>\t\t\t\t<\/div>\n\t\t\t\t<\/div>\n\t\t\t\t\t<\/div>\n\t\t<\/div>\n\t\t\t\t\t<\/div>\n\t\t<\/section>\n\t\t\t\t<section class=\"elementor-section elementor-top-section elementor-element elementor-element-65d22cb elementor-section-boxed elementor-section-height-default elementor-section-height-default\" data-id=\"65d22cb\" data-element_type=\"section\">\n\t\t\t\t\t\t<div class=\"elementor-container elementor-column-gap-default\">\n\t\t\t\t\t<div class=\"elementor-column elementor-col-100 elementor-top-column elementor-element elementor-element-6ea937b\" data-id=\"6ea937b\" data-element_type=\"column\">\n\t\t\t<div class=\"elementor-widget-wrap elementor-element-populated\">\n\t\t\t\t\t\t<div class=\"elementor-element elementor-element-4a7fcab elementor-widget__width-initial elementor-widget elementor-widget-text-editor\" data-id=\"4a7fcab\" data-element_type=\"widget\" data-widget_type=\"text-editor.default\">\n\t\t\t\t<div class=\"elementor-widget-container\">\n\t\t\t\t\t\t\t\t\t<p>El proyecto \u201cVoluntariado en Acci\u00f3n\u201d, Cuidar, acompa\u00f1ar, transformar desde el coraz\u00f3n, tiene como finalidad fortalecer la red de apoyo psicosocial y emocional en la isla de La Palma, promoviendo la solidaridad, el acompa\u00f1amiento y el bienestar integral de las personas m\u00e1s vulnerables \u2014especialmente mayores, personas con discapacidad, familias en situaci\u00f3n de vulnerabilidad y personas afectadas por el volc\u00e1n de Cumbre Vieja.<\/p>\t\t\t\t\t\t\t\t<\/div>\n\t\t\t\t<\/div>\n\t\t\t\t<div class=\"elementor-element elementor-element-9dc3421 elementor-widget__width-initial elementor-widget elementor-widget-text-editor\" data-id=\"9dc3421\" data-element_type=\"widget\" data-widget_type=\"text-editor.default\">\n\t\t\t\t<div class=\"elementor-widget-container\">\n\t\t\t\t\t\t\t\t\t<p>Desde la Asociaci\u00f3n Psic\u00f3logos para Todos, se impulsa un programa estructurado de voluntariado social y formativo, donde las personas voluntarias reciben orientaci\u00f3n y acompa\u00f1amiento profesional para desarrollar habilidades de escucha, empat\u00eda, contenci\u00f3n emocional y apoyo comunitario.<\/p>\t\t\t\t\t\t\t\t<\/div>\n\t\t\t\t<\/div>\n\t\t\t\t<div class=\"elementor-element elementor-element-4cc4d02 elementor-widget__width-initial elementor-widget elementor-widget-text-editor\" data-id=\"4cc4d02\" data-element_type=\"widget\" data-widget_type=\"text-editor.default\">\n\t\t\t\t<div class=\"elementor-widget-container\">\n\t\t\t\t\t\t\t\t\t<p>El proyecto persigue tres grandes objetivos:<\/p><ol><li>\u00a0Cuidar, ofreciendo apoyo emocional y acompa\u00f1amiento activo a quienes sufren soledad, malestar psicol\u00f3gico o dificultades sociales.<\/li><li>Acompa\u00f1ar, creando espacios de encuentro y actividades inclusivas que fomenten el v\u00ednculo humano, la participaci\u00f3n y la integraci\u00f3n social.<\/li><li>\u00a0Transformar, generando un impacto positivo tanto en las personas beneficiarias como en las propias personas voluntarias, fortaleciendo una cultura de cooperaci\u00f3n y bienestar colectivo.<\/li><\/ol>\t\t\t\t\t\t\t\t<\/div>\n\t\t\t\t<\/div>\n\t\t\t\t<div class=\"elementor-element elementor-element-4146aad elementor-widget__width-initial elementor-widget elementor-widget-text-editor\" data-id=\"4146aad\" data-element_type=\"widget\" data-widget_type=\"text-editor.default\">\n\t\t\t\t<div class=\"elementor-widget-container\">\n\t\t\t\t\t\t\t\t\t<p>Las acciones incluyen:<\/p><ul><li>Formaci\u00f3n b\u00e1sica y continua del voluntariado en habilidades\u00a0psicosociales.<\/li><li>Actividades de acompa\u00f1amiento en domicilios, centros y comunidad.<\/li><li>Din\u00e1micas grupales y talleres de bienestar emocional.<\/li><li><span style=\"font-size: 16px;\">Coordinaci\u00f3n con entidades sociales y sanitarias del entorno.<\/span><\/li><\/ul>\t\t\t\t\t\t\t\t<\/div>\n\t\t\t\t<\/div>\n\t\t\t\t<div class=\"elementor-element elementor-element-6c1bfbd elementor-widget elementor-widget-text-editor\" data-id=\"6c1bfbd\" data-element_type=\"widget\" data-widget_type=\"text-editor.default\">\n\t\t\t\t<div class=\"elementor-widget-container\">\n\t\t\t\t\t\t\t\t\t<p>El proyecto se desarrolla con un enfoque humanista y de g\u00e9nero, promoviendo la inclusi\u00f3n, la igualdad y la participaci\u00f3n comunitaria, bajo la premisa de que cuidar y acompa\u00f1ar transforma tanto a quien recibe como a quien da.<\/p>\t\t\t\t\t\t\t\t<\/div>\n\t\t\t\t<\/div>\n\t\t\t\t\t<\/div>\n\t\t<\/div>\n\t\t\t\t\t<\/div>\n\t\t<\/section>\n\t\t\t\t<section class=\"elementor-section elementor-top-section elementor-element elementor-element-2887cc3 elementor-section-boxed elementor-section-height-default elementor-section-height-default\" data-id=\"2887cc3\" data-element_type=\"section\">\n\t\t\t\t\t\t<div class=\"elementor-container elementor-column-gap-default\">\n\t\t\t\t\t<div class=\"elementor-column elementor-col-33 elementor-top-column elementor-element elementor-element-ba01692\" data-id=\"ba01692\" data-element_type=\"column\">\n\t\t\t<div class=\"elementor-widget-wrap elementor-element-populated\">\n\t\t\t\t\t\t<div class=\"elementor-element elementor-element-68bb218 elementor-widget elementor-widget-image\" data-id=\"68bb218\" data-element_type=\"widget\" data-widget_type=\"image.default\">\n\t\t\t\t<div class=\"elementor-widget-container\">\n\t\t\t\t\t\t\t\t\t\t\t\t\t\t\t<img fetchpriority=\"high\" decoding=\"async\" width=\"760\" height=\"1024\" src=\"https:\/\/psicologosparatodos.es\/wp-content\/uploads\/2026\/01\/Cartelvoluntariado1-760x1024.jpg\" class=\"attachment-large size-large wp-image-1787\" alt=\"\" srcset=\"https:\/\/psicologosparatodos.es\/wp-content\/uploads\/2026\/01\/Cartelvoluntariado1-760x1024.jpg 760w, https:\/\/psicologosparatodos.es\/wp-content\/uploads\/2026\/01\/Cartelvoluntariado1-223x300.jpg 223w, https:\/\/psicologosparatodos.es\/wp-content\/uploads\/2026\/01\/Cartelvoluntariado1.jpg 1440w\" sizes=\"(max-width: 760px) 100vw, 760px\" \/>\t\t\t\t\t\t\t\t\t\t\t\t\t\t\t<\/div>\n\t\t\t\t<\/div>\n\t\t\t\t\t<\/div>\n\t\t<\/div>\n\t\t\t\t<div class=\"elementor-column elementor-col-33 elementor-top-column elementor-element elementor-element-64d7d6e\" data-id=\"64d7d6e\" data-element_type=\"column\">\n\t\t\t<div class=\"elementor-widget-wrap elementor-element-populated\">\n\t\t\t\t\t\t<div class=\"elementor-element elementor-element-b59a710 elementor-widget elementor-widget-image\" data-id=\"b59a710\" data-element_type=\"widget\" data-widget_type=\"image.default\">\n\t\t\t\t<div class=\"elementor-widget-container\">\n\t\t\t\t\t\t\t\t\t\t\t\t\t\t\t<img decoding=\"async\" width=\"768\" height=\"1024\" src=\"https:\/\/psicologosparatodos.es\/wp-content\/uploads\/2026\/01\/Cartelvoluntariado2-768x1024.webp\" class=\"attachment-large size-large wp-image-1788\" alt=\"\" srcset=\"https:\/\/psicologosparatodos.es\/wp-content\/uploads\/2026\/01\/Cartelvoluntariado2-768x1024.webp 768w, https:\/\/psicologosparatodos.es\/wp-content\/uploads\/2026\/01\/Cartelvoluntariado2-225x300.webp 225w, https:\/\/psicologosparatodos.es\/wp-content\/uploads\/2026\/01\/Cartelvoluntariado2.webp 1080w\" sizes=\"(max-width: 768px) 100vw, 768px\" \/>\t\t\t\t\t\t\t\t\t\t\t\t\t\t\t<\/div>\n\t\t\t\t<\/div>\n\t\t\t\t\t<\/div>\n\t\t<\/div>\n\t\t\t\t<div class=\"elementor-column elementor-col-33 elementor-top-column elementor-element elementor-element-7fabe3c\" data-id=\"7fabe3c\" data-element_type=\"column\">\n\t\t\t<div class=\"elementor-widget-wrap elementor-element-populated\">\n\t\t\t\t\t\t<div class=\"elementor-element elementor-element-1ff6ba3 elementor-widget elementor-widget-image\" data-id=\"1ff6ba3\" data-element_type=\"widget\" data-widget_type=\"image.default\">\n\t\t\t\t<div class=\"elementor-widget-container\">\n\t\t\t\t\t\t\t\t\t\t\t\t\t\t\t<img decoding=\"async\" width=\"768\" height=\"1024\" src=\"https:\/\/psicologosparatodos.es\/wp-content\/uploads\/2026\/01\/Cartelvoluntariado3-768x1024.webp\" class=\"attachment-large size-large wp-image-1789\" alt=\"\" srcset=\"https:\/\/psicologosparatodos.es\/wp-content\/uploads\/2026\/01\/Cartelvoluntariado3-768x1024.webp 768w, https:\/\/psicologosparatodos.es\/wp-content\/uploads\/2026\/01\/Cartelvoluntariado3-225x300.webp 225w, https:\/\/psicologosparatodos.es\/wp-content\/uploads\/2026\/01\/Cartelvoluntariado3.webp 1080w\" sizes=\"(max-width: 768px) 100vw, 768px\" \/>\t\t\t\t\t\t\t\t\t\t\t\t\t\t\t<\/div>\n\t\t\t\t<\/div>\n\t\t\t\t\t<\/div>\n\t\t<\/div>\n\t\t\t\t\t<\/div>\n\t\t<\/section>\n\t\t\t\t<section class=\"elementor-section elementor-top-section elementor-element elementor-element-6b38964 elementor-section-boxed elementor-section-height-default elementor-section-height-default\" data-id=\"6b38964\" data-element_type=\"section\">\n\t\t\t\t\t\t<div class=\"elementor-container elementor-column-gap-default\">\n\t\t\t\t\t<div class=\"elementor-column elementor-col-33 elementor-top-column elementor-element elementor-element-680258f\" data-id=\"680258f\" data-element_type=\"column\">\n\t\t\t<div class=\"elementor-widget-wrap elementor-element-populated\">\n\t\t\t\t\t\t<div class=\"elementor-element elementor-element-5dd605e elementor-widget elementor-widget-image\" data-id=\"5dd605e\" data-element_type=\"widget\" data-widget_type=\"image.default\">\n\t\t\t\t<div class=\"elementor-widget-container\">\n\t\t\t\t\t\t\t\t\t\t\t\t\t\t\t<img loading=\"lazy\" decoding=\"async\" width=\"768\" height=\"1024\" src=\"https:\/\/psicologosparatodos.es\/wp-content\/uploads\/2026\/01\/Cartelvoluntariado4-768x1024.webp\" class=\"attachment-large size-large wp-image-1790\" alt=\"\" srcset=\"https:\/\/psicologosparatodos.es\/wp-content\/uploads\/2026\/01\/Cartelvoluntariado4-768x1024.webp 768w, https:\/\/psicologosparatodos.es\/wp-content\/uploads\/2026\/01\/Cartelvoluntariado4-225x300.webp 225w, https:\/\/psicologosparatodos.es\/wp-content\/uploads\/2026\/01\/Cartelvoluntariado4.webp 1080w\" sizes=\"(max-width: 768px) 100vw, 768px\" \/>\t\t\t\t\t\t\t\t\t\t\t\t\t\t\t<\/div>\n\t\t\t\t<\/div>\n\t\t\t\t\t<\/div>\n\t\t<\/div>\n\t\t\t\t<div class=\"elementor-column elementor-col-33 elementor-top-column elementor-element elementor-element-ac58376\" data-id=\"ac58376\" data-element_type=\"column\">\n\t\t\t<div class=\"elementor-widget-wrap elementor-element-populated\">\n\t\t\t\t\t\t<div class=\"elementor-element elementor-element-823d88c elementor-widget elementor-widget-image\" data-id=\"823d88c\" data-element_type=\"widget\" data-widget_type=\"image.default\">\n\t\t\t\t<div class=\"elementor-widget-container\">\n\t\t\t\t\t\t\t\t\t\t\t\t\t\t\t<img loading=\"lazy\" decoding=\"async\" width=\"760\" height=\"1024\" src=\"https:\/\/psicologosparatodos.es\/wp-content\/uploads\/2026\/01\/Cartelvoluntariado5-760x1024.jpg\" class=\"attachment-large size-large wp-image-1791\" alt=\"\" srcset=\"https:\/\/psicologosparatodos.es\/wp-content\/uploads\/2026\/01\/Cartelvoluntariado5-760x1024.jpg 760w, https:\/\/psicologosparatodos.es\/wp-content\/uploads\/2026\/01\/Cartelvoluntariado5-223x300.jpg 223w, https:\/\/psicologosparatodos.es\/wp-content\/uploads\/2026\/01\/Cartelvoluntariado5.jpg 1440w\" sizes=\"(max-width: 760px) 100vw, 760px\" \/>\t\t\t\t\t\t\t\t\t\t\t\t\t\t\t<\/div>\n\t\t\t\t<\/div>\n\t\t\t\t\t<\/div>\n\t\t<\/div>\n\t\t\t\t<div class=\"elementor-column elementor-col-33 elementor-top-column elementor-element elementor-element-61a0c39\" data-id=\"61a0c39\" data-element_type=\"column\">\n\t\t\t<div class=\"elementor-widget-wrap elementor-element-populated\">\n\t\t\t\t\t\t<div class=\"elementor-element elementor-element-4909dfe elementor-widget elementor-widget-image\" data-id=\"4909dfe\" data-element_type=\"widget\" data-widget_type=\"image.default\">\n\t\t\t\t<div class=\"elementor-widget-container\">\n\t\t\t\t\t\t\t\t\t\t\t\t\t\t\t<img loading=\"lazy\" decoding=\"async\" width=\"768\" height=\"1024\" src=\"https:\/\/psicologosparatodos.es\/wp-content\/uploads\/2026\/01\/Cartelvoluntariado6-768x1024.webp\" class=\"attachment-large size-large wp-image-1792\" alt=\"\" srcset=\"https:\/\/psicologosparatodos.es\/wp-content\/uploads\/2026\/01\/Cartelvoluntariado6-768x1024.webp 768w, https:\/\/psicologosparatodos.es\/wp-content\/uploads\/2026\/01\/Cartelvoluntariado6-225x300.webp 225w, https:\/\/psicologosparatodos.es\/wp-content\/uploads\/2026\/01\/Cartelvoluntariado6-1152x1536.webp 1152w, https:\/\/psicologosparatodos.es\/wp-content\/uploads\/2026\/01\/Cartelvoluntariado6.webp 1440w\" sizes=\"(max-width: 768px) 100vw, 768px\" \/>\t\t\t\t\t\t\t\t\t\t\t\t\t\t\t<\/div>\n\t\t\t\t<\/div>\n\t\t\t\t\t<\/div>\n\t\t<\/div>\n\t\t\t\t\t<\/div>\n\t\t<\/section>\n\t\t\t\t<section class=\"elementor-section elementor-top-section elementor-element elementor-element-51cf2eb elementor-section-boxed elementor-section-height-default elementor-section-height-default\" data-id=\"51cf2eb\" data-element_type=\"section\">\n\t\t\t\t\t\t<div class=\"elementor-container elementor-column-gap-default\">\n\t\t\t\t\t<div class=\"elementor-column elementor-col-100 elementor-top-column elementor-element elementor-element-0004cc6\" data-id=\"0004cc6\" data-element_type=\"column\">\n\t\t\t<div class=\"elementor-widget-wrap elementor-element-populated\">\n\t\t\t\t\t\t<div class=\"elementor-element elementor-element-e695c65 elementor-widget-divider--view-line elementor-widget elementor-widget-divider\" data-id=\"e695c65\" data-element_type=\"widget\" data-widget_type=\"divider.default\">\n\t\t\t\t<div class=\"elementor-widget-container\">\n\t\t\t\t\t\t\t<div class=\"elementor-divider\">\n\t\t\t<span class=\"elementor-divider-separator\">\n\t\t\t\t\t\t<\/span>\n\t\t<\/div>\n\t\t\t\t\t\t<\/div>\n\t\t\t\t<\/div>\n\t\t\t\t\t<\/div>\n\t\t<\/div>\n\t\t\t\t\t<\/div>\n\t\t<\/section>\n\t\t\t\t<\/div>\n\t\t","protected":false},"excerpt":{"rendered":"<p>El proyecto \u201cVoluntariado en Acci\u00f3n\u201d CUIDAR, ACOMPA\u00d1AR, TRANSFORMAR DESDE EL CORAZ\u00d3N\u200b El proyecto \u201cVoluntariado en Acci\u00f3n\u201d, Cuidar, acompa\u00f1ar, transformar desde el coraz\u00f3n, tiene como finalidad fortalecer la red de apoyo psicosocial y emocional en la isla de La Palma, promoviendo la solidaridad, el acompa\u00f1amiento y el bienestar integral de las personas m\u00e1s vulnerables \u2014especialmente mayores, &hellip;<\/p>\n<p class=\"read-more\"> <a class=\"\" href=\"https:\/\/psicologosparatodos.es\/index.php\/proyecto-voluntariado-en-accion\/\"> <span class=\"screen-reader-text\">Proyecto: Voluntariado En Acci\u00f3n<\/span> Leer m\u00e1s &raquo;<\/a><\/p>\n","protected":false},"author":1,"featured_media":0,"parent":0,"menu_order":0,"comment_status":"closed","ping_status":"closed","template":"","meta":{"footnotes":""},"class_list":["post-1697","page","type-page","status-publish","hentry"],"_links":{"self":[{"href":"https:\/\/psicologosparatodos.es\/index.php\/wp-json\/wp\/v2\/pages\/1697","targetHints":{"allow":["GET"]}}],"collection":[{"href":"https:\/\/psicologosparatodos.es\/index.php\/wp-json\/wp\/v2\/pages"}],"about":[{"href":"https:\/\/psicologosparatodos.es\/index.php\/wp-json\/wp\/v2\/types\/page"}],"author":[{"embeddable":true,"href":"https:\/\/psicologosparatodos.es\/index.php\/wp-json\/wp\/v2\/users\/1"}],"replies":[{"embeddable":true,"href":"https:\/\/psicologosparatodos.es\/index.php\/wp-json\/wp\/v2\/comments?post=1697"}],"version-history":[{"count":43,"href":"https:\/\/psicologosparatodos.es\/index.php\/wp-json\/wp\/v2\/pages\/1697\/revisions"}],"predecessor-version":[{"id":1811,"href":"https:\/\/psicologosparatodos.es\/index.php\/wp-json\/wp\/v2\/pages\/1697\/revisions\/1811"}],"wp:attachment":[{"href":"https:\/\/psicologosparatodos.es\/index.php\/wp-json\/wp\/v2\/media?parent=1697"}],"curies":[{"name":"wp","href":"https:\/\/api.w.org\/{rel}","templated":true}]}}